{"id":700,"date":"2024-10-21T22:22:20","date_gmt":"2024-10-22T03:22:20","guid":{"rendered":"https:\/\/meloh.com.co\/?post_type=product&#038;p=700"},"modified":"2026-04-27T12:10:21","modified_gmt":"2026-04-27T17:10:21","slug":"arena-tofu-lavanda","status":"publish","type":"product","link":"https:\/\/meloh.com.co\/index.php\/producto\/arena-tofu-lavanda\/","title":{"rendered":"Arena Tofu Lavanda"},"content":{"rendered":"<p>Nuestra arena para gatos Alpelopets, hecha de tofu, ofrece una absorci\u00f3n r\u00e1pida y eficaz, formando grumos s\u00f3lidos f\u00e1ciles de limpiar y que puedes desechar por el inodoro. Con un control superior de olores gracias a sus ingredientes naturales, mantiene tu hogar fresco sin qu\u00edmicos ni aditivos. Adem\u00e1s, es antibacteriana y biodegradable, brindando un entorno seguro para tu gato y cuidando el planeta. \u00a199% libre de polvo para una limpieza c\u00f3moda<\/p>\n","protected":false},"excerpt":{"rendered":"<p>Rel\u00e1jate con la suave y calmante <strong>fragancia de lavanda<\/strong>. Nuestra arena de tofu absorbe eficazmente y mantiene tu espacio libre de malos olores, dejando un suave perfume floral que promueve un ambiente tranquilo tanto para ti como para tu felino.<\/p>\n","protected":false},"featured_media":1026,"template":"","meta":[],"product_brand":[],"product_cat":[22,36],"product_tag":[38,37,28],"class_list":{"0":"post-700","1":"product","2":"type-product","3":"status-publish","4":"has-post-thumbnail","6":"product_cat-arenas","7":"product_cat-gato","8":"product_tag-alimento","9":"product_tag-arena","10":"product_tag-gato","12":"first","13":"instock","14":"shipping-taxable","15":"purchasable","16":"product-type-variable"},"yoast_head":"<!-- This site is optimized with the Yoast SEO plugin v25.6 - https:\/\/yoast.com\/wordpress\/plugins\/seo\/ -->\n<title>Arena Tofu Lavanda - Meloh | Me lo llevo!<\/title>\n<meta name=\"robots\" content=\"index, follow, max-snippet:-1, max-image-preview:large, max-video-preview:-1\" \/>\n<link rel=\"canonical\" href=\"https:\/\/meloh.com.co\/index.php\/producto\/arena-tofu-lavanda\/\" \/>\n<meta property=\"og:locale\" content=\"es_ES\" \/>\n<meta property=\"og:type\" content=\"article\" \/>\n<meta property=\"og:title\" content=\"Arena Tofu Lavanda - Meloh | Me lo llevo!\" \/>\n<meta property=\"og:description\" content=\"Rel\u00e1jate con la suave y calmante fragancia de lavanda. Nuestra arena de tofu absorbe eficazmente y mantiene tu espacio libre de malos olores, dejando un suave perfume floral que promueve un ambiente tranquilo tanto para ti como para tu felino.\" \/>\n<meta property=\"og:url\" content=\"https:\/\/meloh.com.co\/index.php\/producto\/arena-tofu-lavanda\/\" \/>\n<meta property=\"og:site_name\" content=\"Meloh | Me lo llevo!\" \/>\n<meta property=\"article:publisher\" content=\"https:\/\/www.facebook.com\/profile.php?id=61565172460702\" \/>\n<meta property=\"article:modified_time\" content=\"2026-04-27T17:10:21+00:00\" \/>\n<meta property=\"og:image\" content=\"https:\/\/meloh.com.co\/wp-content\/uploads\/2024\/10\/EMPAQUE-lavanda-5k.jpg\" \/>\n\t<meta property=\"og:image:width\" content=\"1057\" \/>\n\t<meta property=\"og:image:height\" content=\"1057\" \/>\n\t<meta property=\"og:image:type\" content=\"image\/jpeg\" \/>\n<meta name=\"twitter:card\" content=\"summary_large_image\" \/>\n<meta name=\"twitter:label1\" content=\"Tiempo de lectura\" \/>\n\t<meta name=\"twitter:data1\" content=\"1 minuto\" \/>\n<script type=\"application\/ld+json\" class=\"yoast-schema-graph\">{\"@context\":\"https:\/\/schema.org\",\"@graph\":[{\"@type\":\"WebPage\",\"@id\":\"https:\/\/meloh.com.co\/index.php\/producto\/arena-tofu-lavanda\/\",\"url\":\"https:\/\/meloh.com.co\/index.php\/producto\/arena-tofu-lavanda\/\",\"name\":\"Arena Tofu Lavanda - Meloh | Me lo llevo!\",\"isPartOf\":{\"@id\":\"https:\/\/meloh.com.co\/#website\"},\"primaryImageOfPage\":{\"@id\":\"https:\/\/meloh.com.co\/index.php\/producto\/arena-tofu-lavanda\/#primaryimage\"},\"image\":{\"@id\":\"https:\/\/meloh.com.co\/index.php\/producto\/arena-tofu-lavanda\/#primaryimage\"},\"thumbnailUrl\":\"https:\/\/meloh.com.co\/wp-content\/uploads\/2024\/10\/EMPAQUE-lavanda-5k.jpg\",\"datePublished\":\"2024-10-22T03:22:20+00:00\",\"dateModified\":\"2026-04-27T17:10:21+00:00\",\"breadcrumb\":{\"@id\":\"https:\/\/meloh.com.co\/index.php\/producto\/arena-tofu-lavanda\/#breadcrumb\"},\"inLanguage\":\"es\",\"potentialAction\":[{\"@type\":\"ReadAction\",\"target\":[\"https:\/\/meloh.com.co\/index.php\/producto\/arena-tofu-lavanda\/\"]}]},{\"@type\":\"ImageObject\",\"inLanguage\":\"es\",\"@id\":\"https:\/\/meloh.com.co\/index.php\/producto\/arena-tofu-lavanda\/#primaryimage\",\"url\":\"https:\/\/meloh.com.co\/wp-content\/uploads\/2024\/10\/EMPAQUE-lavanda-5k.jpg\",\"contentUrl\":\"https:\/\/meloh.com.co\/wp-content\/uploads\/2024\/10\/EMPAQUE-lavanda-5k.jpg\",\"width\":1057,\"height\":1057},{\"@type\":\"BreadcrumbList\",\"@id\":\"https:\/\/meloh.com.co\/index.php\/producto\/arena-tofu-lavanda\/#breadcrumb\",\"itemListElement\":[{\"@type\":\"ListItem\",\"position\":1,\"name\":\"Portada\",\"item\":\"https:\/\/meloh.com.co\/\"},{\"@type\":\"ListItem\",\"position\":2,\"name\":\"Tienda\",\"item\":\"https:\/\/meloh.com.co\/index.php\/tienda\/\"},{\"@type\":\"ListItem\",\"position\":3,\"name\":\"Arena Tofu Lavanda\"}]},{\"@type\":\"WebSite\",\"@id\":\"https:\/\/meloh.com.co\/#website\",\"url\":\"https:\/\/meloh.com.co\/\",\"name\":\"Meloh | Me lo llevo! | Tienda de accesorios para mascotas\",\"description\":\"Productos dise\u00f1ados para el bienestar, la diversi\u00f3n y el cuidado de tus mascotas.\",\"publisher\":{\"@id\":\"https:\/\/meloh.com.co\/#organization\"},\"potentialAction\":[{\"@type\":\"SearchAction\",\"target\":{\"@type\":\"EntryPoint\",\"urlTemplate\":\"https:\/\/meloh.com.co\/?s={search_term_string}\"},\"query-input\":{\"@type\":\"PropertyValueSpecification\",\"valueRequired\":true,\"valueName\":\"search_term_string\"}}],\"inLanguage\":\"es\"},{\"@type\":\"Organization\",\"@id\":\"https:\/\/meloh.com.co\/#organization\",\"name\":\"Meloh | Tienda online de arena para gatos y accesorios para mascotas\",\"url\":\"https:\/\/meloh.com.co\/\",\"logo\":{\"@type\":\"ImageObject\",\"inLanguage\":\"es\",\"@id\":\"https:\/\/meloh.com.co\/#\/schema\/logo\/image\/\",\"url\":\"https:\/\/meloh.com.co\/wp-content\/uploads\/2024\/10\/cropped-logo-tab-1.png\",\"contentUrl\":\"https:\/\/meloh.com.co\/wp-content\/uploads\/2024\/10\/cropped-logo-tab-1.png\",\"width\":250,\"height\":137,\"caption\":\"Meloh | Tienda online de arena para gatos y accesorios para mascotas\"},\"image\":{\"@id\":\"https:\/\/meloh.com.co\/#\/schema\/logo\/image\/\"},\"sameAs\":[\"https:\/\/www.facebook.com\/profile.php?id=61565172460702\",\"https:\/\/www.instagram.com\/meloh.shop\/\"]}]}<\/script>\n<!-- \/ Yoast SEO plugin. -->","yoast_head_json":{"title":"Arena Tofu Lavanda - Meloh | Me lo llevo!","robots":{"index":"index","follow":"follow","max-snippet":"max-snippet:-1","max-image-preview":"max-image-preview:large","max-video-preview":"max-video-preview:-1"},"canonical":"https:\/\/meloh.com.co\/index.php\/producto\/arena-tofu-lavanda\/","og_locale":"es_ES","og_type":"article","og_title":"Arena Tofu Lavanda - Meloh | Me lo llevo!","og_description":"Rel\u00e1jate con la suave y calmante fragancia de lavanda. Nuestra arena de tofu absorbe eficazmente y mantiene tu espacio libre de malos olores, dejando un suave perfume floral que promueve un ambiente tranquilo tanto para ti como para tu felino.","og_url":"https:\/\/meloh.com.co\/index.php\/producto\/arena-tofu-lavanda\/","og_site_name":"Meloh | Me lo llevo!","article_publisher":"https:\/\/www.facebook.com\/profile.php?id=61565172460702","article_modified_time":"2026-04-27T17:10:21+00:00","og_image":[{"width":1057,"height":1057,"url":"https:\/\/meloh.com.co\/wp-content\/uploads\/2024\/10\/EMPAQUE-lavanda-5k.jpg","type":"image\/jpeg"}],"twitter_card":"summary_large_image","twitter_misc":{"Tiempo de lectura":"1 minuto"},"schema":{"@context":"https:\/\/schema.org","@graph":[{"@type":"WebPage","@id":"https:\/\/meloh.com.co\/index.php\/producto\/arena-tofu-lavanda\/","url":"https:\/\/meloh.com.co\/index.php\/producto\/arena-tofu-lavanda\/","name":"Arena Tofu Lavanda - Meloh | Me lo llevo!","isPartOf":{"@id":"https:\/\/meloh.com.co\/#website"},"primaryImageOfPage":{"@id":"https:\/\/meloh.com.co\/index.php\/producto\/arena-tofu-lavanda\/#primaryimage"},"image":{"@id":"https:\/\/meloh.com.co\/index.php\/producto\/arena-tofu-lavanda\/#primaryimage"},"thumbnailUrl":"https:\/\/meloh.com.co\/wp-content\/uploads\/2024\/10\/EMPAQUE-lavanda-5k.jpg","datePublished":"2024-10-22T03:22:20+00:00","dateModified":"2026-04-27T17:10:21+00:00","breadcrumb":{"@id":"https:\/\/meloh.com.co\/index.php\/producto\/arena-tofu-lavanda\/#breadcrumb"},"inLanguage":"es","potentialAction":[{"@type":"ReadAction","target":["https:\/\/meloh.com.co\/index.php\/producto\/arena-tofu-lavanda\/"]}]},{"@type":"ImageObject","inLanguage":"es","@id":"https:\/\/meloh.com.co\/index.php\/producto\/arena-tofu-lavanda\/#primaryimage","url":"https:\/\/meloh.com.co\/wp-content\/uploads\/2024\/10\/EMPAQUE-lavanda-5k.jpg","contentUrl":"https:\/\/meloh.com.co\/wp-content\/uploads\/2024\/10\/EMPAQUE-lavanda-5k.jpg","width":1057,"height":1057},{"@type":"BreadcrumbList","@id":"https:\/\/meloh.com.co\/index.php\/producto\/arena-tofu-lavanda\/#breadcrumb","itemListElement":[{"@type":"ListItem","position":1,"name":"Portada","item":"https:\/\/meloh.com.co\/"},{"@type":"ListItem","position":2,"name":"Tienda","item":"https:\/\/meloh.com.co\/index.php\/tienda\/"},{"@type":"ListItem","position":3,"name":"Arena Tofu Lavanda"}]},{"@type":"WebSite","@id":"https:\/\/meloh.com.co\/#website","url":"https:\/\/meloh.com.co\/","name":"Meloh | Me lo llevo! | Tienda de accesorios para mascotas","description":"Productos dise\u00f1ados para el bienestar, la diversi\u00f3n y el cuidado de tus mascotas.","publisher":{"@id":"https:\/\/meloh.com.co\/#organization"},"potentialAction":[{"@type":"SearchAction","target":{"@type":"EntryPoint","urlTemplate":"https:\/\/meloh.com.co\/?s={search_term_string}"},"query-input":{"@type":"PropertyValueSpecification","valueRequired":true,"valueName":"search_term_string"}}],"inLanguage":"es"},{"@type":"Organization","@id":"https:\/\/meloh.com.co\/#organization","name":"Meloh | Tienda online de arena para gatos y accesorios para mascotas","url":"https:\/\/meloh.com.co\/","logo":{"@type":"ImageObject","inLanguage":"es","@id":"https:\/\/meloh.com.co\/#\/schema\/logo\/image\/","url":"https:\/\/meloh.com.co\/wp-content\/uploads\/2024\/10\/cropped-logo-tab-1.png","contentUrl":"https:\/\/meloh.com.co\/wp-content\/uploads\/2024\/10\/cropped-logo-tab-1.png","width":250,"height":137,"caption":"Meloh | Tienda online de arena para gatos y accesorios para mascotas"},"image":{"@id":"https:\/\/meloh.com.co\/#\/schema\/logo\/image\/"},"sameAs":["https:\/\/www.facebook.com\/profile.php?id=61565172460702","https:\/\/www.instagram.com\/meloh.shop\/"]}]}},"_links":{"self":[{"href":"https:\/\/meloh.com.co\/index.php\/wp-json\/wp\/v2\/product\/700","targetHints":{"allow":["GET"]}}],"collection":[{"href":"https:\/\/meloh.com.co\/index.php\/wp-json\/wp\/v2\/product"}],"about":[{"href":"https:\/\/meloh.com.co\/index.php\/wp-json\/wp\/v2\/types\/product"}],"version-history":[{"count":3,"href":"https:\/\/meloh.com.co\/index.php\/wp-json\/wp\/v2\/product\/700\/revisions"}],"predecessor-version":[{"id":929,"href":"https:\/\/meloh.com.co\/index.php\/wp-json\/wp\/v2\/product\/700\/revisions\/929"}],"wp:featuredmedia":[{"embeddable":true,"href":"https:\/\/meloh.com.co\/index.php\/wp-json\/wp\/v2\/media\/1026"}],"wp:attachment":[{"href":"https:\/\/meloh.com.co\/index.php\/wp-json\/wp\/v2\/media?parent=700"}],"wp:term":[{"taxonomy":"product_brand","embeddable":true,"href":"https:\/\/meloh.com.co\/index.php\/wp-json\/wp\/v2\/product_brand?post=700"},{"taxonomy":"product_cat","embeddable":true,"href":"https:\/\/meloh.com.co\/index.php\/wp-json\/wp\/v2\/product_cat?post=700"},{"taxonomy":"product_tag","embeddable":true,"href":"https:\/\/meloh.com.co\/index.php\/wp-json\/wp\/v2\/product_tag?post=700"}],"curies":[{"name":"wp","href":"https:\/\/api.w.org\/{rel}","templated":true}]}}