{"id":449,"date":"2024-10-17T14:52:30","date_gmt":"2024-10-17T19:52:30","guid":{"rendered":"https:\/\/meloh.com.co\/?post_type=product&#038;p=449"},"modified":"2026-03-11T12:37:29","modified_gmt":"2026-03-11T17:37:29","slug":"morral-murcielago","status":"publish","type":"product","link":"https:\/\/meloh.com.co\/index.php\/producto\/morral-murcielago\/","title":{"rendered":"Morral Alas"},"content":{"rendered":"<p>\u00a1Haz que tu mascota luzca adorable y lleve todo lo necesario en sus paseos! El <strong>morral alas <\/strong>es ideal para perros peque\u00f1os y medianos. Fabricado con materiales ligeros y transpirables, este morral tiene un dise\u00f1o \u00fanico y divertido en forma de cerdito. Perfecto para guardar peque\u00f1os accesorios como bolsitas de premio o juguetes. Adem\u00e1s, cuenta con correas ajustables para asegurar un ajuste c\u00f3modo y seguro.<\/p>\n","protected":false},"excerpt":{"rendered":"<p>\u00a1Haz que tu mascota luzca adorable y lleve todo lo necesario en sus paseos! El morral alas es ideal para perros peque\u00f1os y medianos. Fabricado con materiales ligeros y transpirables, [&hellip;]<\/p>\n","protected":false},"featured_media":450,"template":"","meta":[],"product_brand":[],"product_cat":[18,34,35],"product_tag":[30,29,31],"class_list":{"0":"post-449","1":"product","2":"type-product","3":"status-publish","4":"has-post-thumbnail","6":"product_cat-accesorios","7":"product_cat-morrales","8":"product_cat-perro","9":"product_tag-cerdito","10":"product_tag-morral","11":"product_tag-perro","13":"first","14":"instock","15":"shipping-taxable","16":"purchasable","17":"product-type-variable"},"yoast_head":"<!-- This site is optimized with the Yoast SEO plugin v25.6 - https:\/\/yoast.com\/wordpress\/plugins\/seo\/ -->\n<title>Morral Alas - Meloh | Me lo llevo!<\/title>\n<meta name=\"robots\" content=\"index, follow, max-snippet:-1, max-image-preview:large, max-video-preview:-1\" \/>\n<link rel=\"canonical\" href=\"https:\/\/meloh.com.co\/index.php\/producto\/morral-murcielago\/\" \/>\n<meta property=\"og:locale\" content=\"es_ES\" \/>\n<meta property=\"og:type\" content=\"article\" \/>\n<meta property=\"og:title\" content=\"Morral Alas - Meloh | Me lo llevo!\" \/>\n<meta property=\"og:description\" content=\"\u00a1Haz que tu mascota luzca adorable y lleve todo lo necesario en sus paseos! El morral alas es ideal para perros peque\u00f1os y medianos. Fabricado con materiales ligeros y transpirables, [&hellip;]\" \/>\n<meta property=\"og:url\" content=\"https:\/\/meloh.com.co\/index.php\/producto\/morral-murcielago\/\" \/>\n<meta property=\"og:site_name\" content=\"Meloh | Me lo llevo!\" \/>\n<meta property=\"article:publisher\" content=\"https:\/\/www.facebook.com\/profile.php?id=61565172460702\" \/>\n<meta property=\"article:modified_time\" content=\"2026-03-11T17:37:29+00:00\" \/>\n<meta property=\"og:image\" content=\"https:\/\/meloh.com.co\/wp-content\/uploads\/2024\/10\/morral-murcielago.jpg\" \/>\n\t<meta property=\"og:image:width\" content=\"1500\" \/>\n\t<meta property=\"og:image:height\" content=\"1500\" \/>\n\t<meta property=\"og:image:type\" content=\"image\/jpeg\" \/>\n<meta name=\"twitter:card\" content=\"summary_large_image\" \/>\n<meta name=\"twitter:label1\" content=\"Tiempo de lectura\" \/>\n\t<meta name=\"twitter:data1\" content=\"1 minuto\" \/>\n<script type=\"application\/ld+json\" class=\"yoast-schema-graph\">{\"@context\":\"https:\/\/schema.org\",\"@graph\":[{\"@type\":\"WebPage\",\"@id\":\"https:\/\/meloh.com.co\/index.php\/producto\/morral-murcielago\/\",\"url\":\"https:\/\/meloh.com.co\/index.php\/producto\/morral-murcielago\/\",\"name\":\"Morral Alas - Meloh | Me lo llevo!\",\"isPartOf\":{\"@id\":\"https:\/\/meloh.com.co\/#website\"},\"primaryImageOfPage\":{\"@id\":\"https:\/\/meloh.com.co\/index.php\/producto\/morral-murcielago\/#primaryimage\"},\"image\":{\"@id\":\"https:\/\/meloh.com.co\/index.php\/producto\/morral-murcielago\/#primaryimage\"},\"thumbnailUrl\":\"https:\/\/meloh.com.co\/wp-content\/uploads\/2024\/10\/morral-murcielago.jpg\",\"datePublished\":\"2024-10-17T19:52:30+00:00\",\"dateModified\":\"2026-03-11T17:37:29+00:00\",\"breadcrumb\":{\"@id\":\"https:\/\/meloh.com.co\/index.php\/producto\/morral-murcielago\/#breadcrumb\"},\"inLanguage\":\"es\",\"potentialAction\":[{\"@type\":\"ReadAction\",\"target\":[\"https:\/\/meloh.com.co\/index.php\/producto\/morral-murcielago\/\"]}]},{\"@type\":\"ImageObject\",\"inLanguage\":\"es\",\"@id\":\"https:\/\/meloh.com.co\/index.php\/producto\/morral-murcielago\/#primaryimage\",\"url\":\"https:\/\/meloh.com.co\/wp-content\/uploads\/2024\/10\/morral-murcielago.jpg\",\"contentUrl\":\"https:\/\/meloh.com.co\/wp-content\/uploads\/2024\/10\/morral-murcielago.jpg\",\"width\":1500,\"height\":1500},{\"@type\":\"BreadcrumbList\",\"@id\":\"https:\/\/meloh.com.co\/index.php\/producto\/morral-murcielago\/#breadcrumb\",\"itemListElement\":[{\"@type\":\"ListItem\",\"position\":1,\"name\":\"Portada\",\"item\":\"https:\/\/meloh.com.co\/\"},{\"@type\":\"ListItem\",\"position\":2,\"name\":\"Tienda\",\"item\":\"https:\/\/meloh.com.co\/index.php\/tienda\/\"},{\"@type\":\"ListItem\",\"position\":3,\"name\":\"Morral Alas\"}]},{\"@type\":\"WebSite\",\"@id\":\"https:\/\/meloh.com.co\/#website\",\"url\":\"https:\/\/meloh.com.co\/\",\"name\":\"Meloh | Me lo llevo! | Tienda de accesorios para mascotas\",\"description\":\"Productos dise\u00f1ados para el bienestar, la diversi\u00f3n y el cuidado de tus mascotas.\",\"publisher\":{\"@id\":\"https:\/\/meloh.com.co\/#organization\"},\"potentialAction\":[{\"@type\":\"SearchAction\",\"target\":{\"@type\":\"EntryPoint\",\"urlTemplate\":\"https:\/\/meloh.com.co\/?s={search_term_string}\"},\"query-input\":{\"@type\":\"PropertyValueSpecification\",\"valueRequired\":true,\"valueName\":\"search_term_string\"}}],\"inLanguage\":\"es\"},{\"@type\":\"Organization\",\"@id\":\"https:\/\/meloh.com.co\/#organization\",\"name\":\"Meloh | Tienda online de arena para gatos y accesorios para mascotas\",\"url\":\"https:\/\/meloh.com.co\/\",\"logo\":{\"@type\":\"ImageObject\",\"inLanguage\":\"es\",\"@id\":\"https:\/\/meloh.com.co\/#\/schema\/logo\/image\/\",\"url\":\"https:\/\/meloh.com.co\/wp-content\/uploads\/2024\/10\/cropped-logo-tab-1.png\",\"contentUrl\":\"https:\/\/meloh.com.co\/wp-content\/uploads\/2024\/10\/cropped-logo-tab-1.png\",\"width\":250,\"height\":137,\"caption\":\"Meloh | Tienda online de arena para gatos y accesorios para mascotas\"},\"image\":{\"@id\":\"https:\/\/meloh.com.co\/#\/schema\/logo\/image\/\"},\"sameAs\":[\"https:\/\/www.facebook.com\/profile.php?id=61565172460702\",\"https:\/\/www.instagram.com\/meloh.shop\/\"]}]}<\/script>\n<!-- \/ Yoast SEO plugin. -->","yoast_head_json":{"title":"Morral Alas - Meloh | Me lo llevo!","robots":{"index":"index","follow":"follow","max-snippet":"max-snippet:-1","max-image-preview":"max-image-preview:large","max-video-preview":"max-video-preview:-1"},"canonical":"https:\/\/meloh.com.co\/index.php\/producto\/morral-murcielago\/","og_locale":"es_ES","og_type":"article","og_title":"Morral Alas - Meloh | Me lo llevo!","og_description":"\u00a1Haz que tu mascota luzca adorable y lleve todo lo necesario en sus paseos! El morral alas es ideal para perros peque\u00f1os y medianos. Fabricado con materiales ligeros y transpirables, [&hellip;]","og_url":"https:\/\/meloh.com.co\/index.php\/producto\/morral-murcielago\/","og_site_name":"Meloh | Me lo llevo!","article_publisher":"https:\/\/www.facebook.com\/profile.php?id=61565172460702","article_modified_time":"2026-03-11T17:37:29+00:00","og_image":[{"width":1500,"height":1500,"url":"https:\/\/meloh.com.co\/wp-content\/uploads\/2024\/10\/morral-murcielago.jpg","type":"image\/jpeg"}],"twitter_card":"summary_large_image","twitter_misc":{"Tiempo de lectura":"1 minuto"},"schema":{"@context":"https:\/\/schema.org","@graph":[{"@type":"WebPage","@id":"https:\/\/meloh.com.co\/index.php\/producto\/morral-murcielago\/","url":"https:\/\/meloh.com.co\/index.php\/producto\/morral-murcielago\/","name":"Morral Alas - Meloh | Me lo llevo!","isPartOf":{"@id":"https:\/\/meloh.com.co\/#website"},"primaryImageOfPage":{"@id":"https:\/\/meloh.com.co\/index.php\/producto\/morral-murcielago\/#primaryimage"},"image":{"@id":"https:\/\/meloh.com.co\/index.php\/producto\/morral-murcielago\/#primaryimage"},"thumbnailUrl":"https:\/\/meloh.com.co\/wp-content\/uploads\/2024\/10\/morral-murcielago.jpg","datePublished":"2024-10-17T19:52:30+00:00","dateModified":"2026-03-11T17:37:29+00:00","breadcrumb":{"@id":"https:\/\/meloh.com.co\/index.php\/producto\/morral-murcielago\/#breadcrumb"},"inLanguage":"es","potentialAction":[{"@type":"ReadAction","target":["https:\/\/meloh.com.co\/index.php\/producto\/morral-murcielago\/"]}]},{"@type":"ImageObject","inLanguage":"es","@id":"https:\/\/meloh.com.co\/index.php\/producto\/morral-murcielago\/#primaryimage","url":"https:\/\/meloh.com.co\/wp-content\/uploads\/2024\/10\/morral-murcielago.jpg","contentUrl":"https:\/\/meloh.com.co\/wp-content\/uploads\/2024\/10\/morral-murcielago.jpg","width":1500,"height":1500},{"@type":"BreadcrumbList","@id":"https:\/\/meloh.com.co\/index.php\/producto\/morral-murcielago\/#breadcrumb","itemListElement":[{"@type":"ListItem","position":1,"name":"Portada","item":"https:\/\/meloh.com.co\/"},{"@type":"ListItem","position":2,"name":"Tienda","item":"https:\/\/meloh.com.co\/index.php\/tienda\/"},{"@type":"ListItem","position":3,"name":"Morral Alas"}]},{"@type":"WebSite","@id":"https:\/\/meloh.com.co\/#website","url":"https:\/\/meloh.com.co\/","name":"Meloh | Me lo llevo! | Tienda de accesorios para mascotas","description":"Productos dise\u00f1ados para el bienestar, la diversi\u00f3n y el cuidado de tus mascotas.","publisher":{"@id":"https:\/\/meloh.com.co\/#organization"},"potentialAction":[{"@type":"SearchAction","target":{"@type":"EntryPoint","urlTemplate":"https:\/\/meloh.com.co\/?s={search_term_string}"},"query-input":{"@type":"PropertyValueSpecification","valueRequired":true,"valueName":"search_term_string"}}],"inLanguage":"es"},{"@type":"Organization","@id":"https:\/\/meloh.com.co\/#organization","name":"Meloh | Tienda online de arena para gatos y accesorios para mascotas","url":"https:\/\/meloh.com.co\/","logo":{"@type":"ImageObject","inLanguage":"es","@id":"https:\/\/meloh.com.co\/#\/schema\/logo\/image\/","url":"https:\/\/meloh.com.co\/wp-content\/uploads\/2024\/10\/cropped-logo-tab-1.png","contentUrl":"https:\/\/meloh.com.co\/wp-content\/uploads\/2024\/10\/cropped-logo-tab-1.png","width":250,"height":137,"caption":"Meloh | Tienda online de arena para gatos y accesorios para mascotas"},"image":{"@id":"https:\/\/meloh.com.co\/#\/schema\/logo\/image\/"},"sameAs":["https:\/\/www.facebook.com\/profile.php?id=61565172460702","https:\/\/www.instagram.com\/meloh.shop\/"]}]}},"_links":{"self":[{"href":"https:\/\/meloh.com.co\/index.php\/wp-json\/wp\/v2\/product\/449","targetHints":{"allow":["GET"]}}],"collection":[{"href":"https:\/\/meloh.com.co\/index.php\/wp-json\/wp\/v2\/product"}],"about":[{"href":"https:\/\/meloh.com.co\/index.php\/wp-json\/wp\/v2\/types\/product"}],"version-history":[{"count":3,"href":"https:\/\/meloh.com.co\/index.php\/wp-json\/wp\/v2\/product\/449\/revisions"}],"predecessor-version":[{"id":1902,"href":"https:\/\/meloh.com.co\/index.php\/wp-json\/wp\/v2\/product\/449\/revisions\/1902"}],"wp:featuredmedia":[{"embeddable":true,"href":"https:\/\/meloh.com.co\/index.php\/wp-json\/wp\/v2\/media\/450"}],"wp:attachment":[{"href":"https:\/\/meloh.com.co\/index.php\/wp-json\/wp\/v2\/media?parent=449"}],"wp:term":[{"taxonomy":"product_brand","embeddable":true,"href":"https:\/\/meloh.com.co\/index.php\/wp-json\/wp\/v2\/product_brand?post=449"},{"taxonomy":"product_cat","embeddable":true,"href":"https:\/\/meloh.com.co\/index.php\/wp-json\/wp\/v2\/product_cat?post=449"},{"taxonomy":"product_tag","embeddable":true,"href":"https:\/\/meloh.com.co\/index.php\/wp-json\/wp\/v2\/product_tag?post=449"}],"curies":[{"name":"wp","href":"https:\/\/api.w.org\/{rel}","templated":true}]}}