{"id":1613,"date":"2025-02-04T10:28:04","date_gmt":"2025-02-04T15:28:04","guid":{"rendered":"https:\/\/meloh.com.co\/?post_type=product&#038;p=1613"},"modified":"2026-03-11T13:38:03","modified_gmt":"2026-03-11T18:38:03","slug":"quita-motas","status":"publish","type":"product","link":"https:\/\/meloh.com.co\/index.php\/producto\/quita-motas\/","title":{"rendered":"Quita motas"},"content":{"rendered":"<p id=\"main-title\" class=\"lh-copy dark-gray mv1 f3 b\" data-pcss-show=\"true\" data-seo-id=\"hero-carousel-image\" data-fs-element=\"name\">Quita pelo, migas y pelusas sin residuos pegajosos. Ideal para limpiar ropa, camas, muebles y autos. R\u00e1pido, reutilizable y f\u00e1cil de usar.<\/p>\n","protected":false},"excerpt":{"rendered":"<p><strong>Quita motas.<\/strong> Removedor de pelo de mascotas. Elimina f\u00e1cilmente el pelo de mascotas, migas de pan, pelusas, etc. sin dejar residuos pegajosos. Ideal para limpiar ropa, ropa de cama, muebles e interiores de autom\u00f3viles.<\/p>\n<p>Dise\u00f1ado para facilitar tu rutina de limpieza diaria, este rodillo cuenta con un mango ergon\u00f3mico y es totalmente reutilizable. Gracias a su poderosa adherencia, elimina residuos con una sola pasada, manteniendo tus espacios libres de pelos de perro o gato, migas o pelusas sin esfuerzo ni complicaciones.<\/p>\n<ul style=\"list-style: none; padding-left: 0;\">\n<li>\u2705 Mango ergon\u00f3mico, resistente y f\u00e1cil de manejar.<\/li>\n<li>\u2705 Reutilizable y ecol\u00f3gico, sin necesidad de recambios constantes.<\/li>\n<li>\u2705 Elimina pelo de mascotas, pelusas, migas y m\u00e1s.<\/li>\n<li>\u2705 Ideal para ropa, camas, alfombras, sof\u00e1s y veh\u00edculos.<\/li>\n<li>\u2705 No deja residuos pegajosos, apto para uso diario.<\/li>\n<\/ul>\n","protected":false},"featured_media":1618,"template":"","meta":[],"product_brand":[],"product_cat":[18,53,36,35],"product_tag":[72,69,73,71,70],"class_list":{"0":"post-1613","1":"product","2":"type-product","3":"status-publish","4":"has-post-thumbnail","6":"product_cat-accesorios","7":"product_cat-accesorios-gato","8":"product_cat-gato","9":"product_cat-perro","10":"product_tag-limpieza-hogar","11":"product_tag-quita-motas","12":"product_tag-quitapelusas","13":"product_tag-removedor-de-pelo","14":"product_tag-rodillo-mascotas","16":"first","17":"instock","18":"shipping-taxable","19":"purchasable","20":"product-type-variable"},"yoast_head":"<!-- This site is optimized with the Yoast SEO plugin v25.6 - https:\/\/yoast.com\/wordpress\/plugins\/seo\/ -->\n<title>Quita motas - Meloh | Me lo llevo!<\/title>\n<meta name=\"robots\" content=\"index, follow, max-snippet:-1, max-image-preview:large, max-video-preview:-1\" \/>\n<link rel=\"canonical\" href=\"https:\/\/meloh.com.co\/index.php\/producto\/quita-motas\/\" \/>\n<meta property=\"og:locale\" content=\"es_ES\" \/>\n<meta property=\"og:type\" content=\"article\" \/>\n<meta property=\"og:title\" content=\"Quita motas - Meloh | Me lo llevo!\" \/>\n<meta property=\"og:description\" content=\"Quita motas. Removedor de pelo de mascotas. Elimina f\u00e1cilmente el pelo de mascotas, migas de pan, pelusas, etc. sin dejar residuos pegajosos. Ideal para limpiar ropa, ropa de cama, muebles e interiores de autom\u00f3viles.  Dise\u00f1ado para facilitar tu rutina de limpieza diaria, este rodillo cuenta con un mango ergon\u00f3mico y es totalmente reutilizable. Gracias a su poderosa adherencia, elimina residuos con una sola pasada, manteniendo tus espacios libres de pelos de perro o gato, migas o pelusas sin esfuerzo ni complicaciones.   \u2705 Mango ergon\u00f3mico, resistente y f\u00e1cil de manejar.  \u2705 Reutilizable y ecol\u00f3gico, sin necesidad de recambios constantes.  \u2705 Elimina pelo de mascotas, pelusas, migas y m\u00e1s.  \u2705 Ideal para ropa, camas, alfombras, sof\u00e1s y veh\u00edculos.  \u2705 No deja residuos pegajosos, apto para uso diario.\" \/>\n<meta property=\"og:url\" content=\"https:\/\/meloh.com.co\/index.php\/producto\/quita-motas\/\" \/>\n<meta property=\"og:site_name\" content=\"Meloh | Me lo llevo!\" \/>\n<meta property=\"article:publisher\" content=\"https:\/\/www.facebook.com\/profile.php?id=61565172460702\" \/>\n<meta property=\"article:modified_time\" content=\"2026-03-11T18:38:03+00:00\" \/>\n<meta property=\"og:image\" content=\"https:\/\/meloh.com.co\/wp-content\/uploads\/2025\/02\/EP-138-3.jpg\" \/>\n\t<meta property=\"og:image:width\" content=\"800\" \/>\n\t<meta property=\"og:image:height\" content=\"800\" \/>\n\t<meta property=\"og:image:type\" content=\"image\/jpeg\" \/>\n<meta name=\"twitter:card\" content=\"summary_large_image\" \/>\n<meta name=\"twitter:label1\" content=\"Tiempo de lectura\" \/>\n\t<meta name=\"twitter:data1\" content=\"1 minuto\" \/>\n<script type=\"application\/ld+json\" class=\"yoast-schema-graph\">{\"@context\":\"https:\/\/schema.org\",\"@graph\":[{\"@type\":\"WebPage\",\"@id\":\"https:\/\/meloh.com.co\/index.php\/producto\/quita-motas\/\",\"url\":\"https:\/\/meloh.com.co\/index.php\/producto\/quita-motas\/\",\"name\":\"Quita motas - Meloh | Me lo llevo!\",\"isPartOf\":{\"@id\":\"https:\/\/meloh.com.co\/#website\"},\"primaryImageOfPage\":{\"@id\":\"https:\/\/meloh.com.co\/index.php\/producto\/quita-motas\/#primaryimage\"},\"image\":{\"@id\":\"https:\/\/meloh.com.co\/index.php\/producto\/quita-motas\/#primaryimage\"},\"thumbnailUrl\":\"https:\/\/meloh.com.co\/wp-content\/uploads\/2025\/02\/EP-138-3.jpg\",\"datePublished\":\"2025-02-04T15:28:04+00:00\",\"dateModified\":\"2026-03-11T18:38:03+00:00\",\"breadcrumb\":{\"@id\":\"https:\/\/meloh.com.co\/index.php\/producto\/quita-motas\/#breadcrumb\"},\"inLanguage\":\"es\",\"potentialAction\":[{\"@type\":\"ReadAction\",\"target\":[\"https:\/\/meloh.com.co\/index.php\/producto\/quita-motas\/\"]}]},{\"@type\":\"ImageObject\",\"inLanguage\":\"es\",\"@id\":\"https:\/\/meloh.com.co\/index.php\/producto\/quita-motas\/#primaryimage\",\"url\":\"https:\/\/meloh.com.co\/wp-content\/uploads\/2025\/02\/EP-138-3.jpg\",\"contentUrl\":\"https:\/\/meloh.com.co\/wp-content\/uploads\/2025\/02\/EP-138-3.jpg\",\"width\":800,\"height\":800},{\"@type\":\"BreadcrumbList\",\"@id\":\"https:\/\/meloh.com.co\/index.php\/producto\/quita-motas\/#breadcrumb\",\"itemListElement\":[{\"@type\":\"ListItem\",\"position\":1,\"name\":\"Portada\",\"item\":\"https:\/\/meloh.com.co\/\"},{\"@type\":\"ListItem\",\"position\":2,\"name\":\"Tienda\",\"item\":\"https:\/\/meloh.com.co\/index.php\/tienda\/\"},{\"@type\":\"ListItem\",\"position\":3,\"name\":\"Quita motas\"}]},{\"@type\":\"WebSite\",\"@id\":\"https:\/\/meloh.com.co\/#website\",\"url\":\"https:\/\/meloh.com.co\/\",\"name\":\"Meloh | Me lo llevo! | Tienda de accesorios para mascotas\",\"description\":\"Productos dise\u00f1ados para el bienestar, la diversi\u00f3n y el cuidado de tus mascotas.\",\"publisher\":{\"@id\":\"https:\/\/meloh.com.co\/#organization\"},\"potentialAction\":[{\"@type\":\"SearchAction\",\"target\":{\"@type\":\"EntryPoint\",\"urlTemplate\":\"https:\/\/meloh.com.co\/?s={search_term_string}\"},\"query-input\":{\"@type\":\"PropertyValueSpecification\",\"valueRequired\":true,\"valueName\":\"search_term_string\"}}],\"inLanguage\":\"es\"},{\"@type\":\"Organization\",\"@id\":\"https:\/\/meloh.com.co\/#organization\",\"name\":\"Meloh | Tienda online de arena para gatos y accesorios para mascotas\",\"url\":\"https:\/\/meloh.com.co\/\",\"logo\":{\"@type\":\"ImageObject\",\"inLanguage\":\"es\",\"@id\":\"https:\/\/meloh.com.co\/#\/schema\/logo\/image\/\",\"url\":\"https:\/\/meloh.com.co\/wp-content\/uploads\/2024\/10\/cropped-logo-tab-1.png\",\"contentUrl\":\"https:\/\/meloh.com.co\/wp-content\/uploads\/2024\/10\/cropped-logo-tab-1.png\",\"width\":250,\"height\":137,\"caption\":\"Meloh | Tienda online de arena para gatos y accesorios para mascotas\"},\"image\":{\"@id\":\"https:\/\/meloh.com.co\/#\/schema\/logo\/image\/\"},\"sameAs\":[\"https:\/\/www.facebook.com\/profile.php?id=61565172460702\",\"https:\/\/www.instagram.com\/meloh.shop\/\"]}]}<\/script>\n<!-- \/ Yoast SEO plugin. -->","yoast_head_json":{"title":"Quita motas - Meloh | Me lo llevo!","robots":{"index":"index","follow":"follow","max-snippet":"max-snippet:-1","max-image-preview":"max-image-preview:large","max-video-preview":"max-video-preview:-1"},"canonical":"https:\/\/meloh.com.co\/index.php\/producto\/quita-motas\/","og_locale":"es_ES","og_type":"article","og_title":"Quita motas - Meloh | Me lo llevo!","og_description":"Quita motas. Removedor de pelo de mascotas. Elimina f\u00e1cilmente el pelo de mascotas, migas de pan, pelusas, etc. sin dejar residuos pegajosos. Ideal para limpiar ropa, ropa de cama, muebles e interiores de autom\u00f3viles.  Dise\u00f1ado para facilitar tu rutina de limpieza diaria, este rodillo cuenta con un mango ergon\u00f3mico y es totalmente reutilizable. Gracias a su poderosa adherencia, elimina residuos con una sola pasada, manteniendo tus espacios libres de pelos de perro o gato, migas o pelusas sin esfuerzo ni complicaciones.   \u2705 Mango ergon\u00f3mico, resistente y f\u00e1cil de manejar.  \u2705 Reutilizable y ecol\u00f3gico, sin necesidad de recambios constantes.  \u2705 Elimina pelo de mascotas, pelusas, migas y m\u00e1s.  \u2705 Ideal para ropa, camas, alfombras, sof\u00e1s y veh\u00edculos.  \u2705 No deja residuos pegajosos, apto para uso diario.","og_url":"https:\/\/meloh.com.co\/index.php\/producto\/quita-motas\/","og_site_name":"Meloh | Me lo llevo!","article_publisher":"https:\/\/www.facebook.com\/profile.php?id=61565172460702","article_modified_time":"2026-03-11T18:38:03+00:00","og_image":[{"width":800,"height":800,"url":"https:\/\/meloh.com.co\/wp-content\/uploads\/2025\/02\/EP-138-3.jpg","type":"image\/jpeg"}],"twitter_card":"summary_large_image","twitter_misc":{"Tiempo de lectura":"1 minuto"},"schema":{"@context":"https:\/\/schema.org","@graph":[{"@type":"WebPage","@id":"https:\/\/meloh.com.co\/index.php\/producto\/quita-motas\/","url":"https:\/\/meloh.com.co\/index.php\/producto\/quita-motas\/","name":"Quita motas - Meloh | Me lo llevo!","isPartOf":{"@id":"https:\/\/meloh.com.co\/#website"},"primaryImageOfPage":{"@id":"https:\/\/meloh.com.co\/index.php\/producto\/quita-motas\/#primaryimage"},"image":{"@id":"https:\/\/meloh.com.co\/index.php\/producto\/quita-motas\/#primaryimage"},"thumbnailUrl":"https:\/\/meloh.com.co\/wp-content\/uploads\/2025\/02\/EP-138-3.jpg","datePublished":"2025-02-04T15:28:04+00:00","dateModified":"2026-03-11T18:38:03+00:00","breadcrumb":{"@id":"https:\/\/meloh.com.co\/index.php\/producto\/quita-motas\/#breadcrumb"},"inLanguage":"es","potentialAction":[{"@type":"ReadAction","target":["https:\/\/meloh.com.co\/index.php\/producto\/quita-motas\/"]}]},{"@type":"ImageObject","inLanguage":"es","@id":"https:\/\/meloh.com.co\/index.php\/producto\/quita-motas\/#primaryimage","url":"https:\/\/meloh.com.co\/wp-content\/uploads\/2025\/02\/EP-138-3.jpg","contentUrl":"https:\/\/meloh.com.co\/wp-content\/uploads\/2025\/02\/EP-138-3.jpg","width":800,"height":800},{"@type":"BreadcrumbList","@id":"https:\/\/meloh.com.co\/index.php\/producto\/quita-motas\/#breadcrumb","itemListElement":[{"@type":"ListItem","position":1,"name":"Portada","item":"https:\/\/meloh.com.co\/"},{"@type":"ListItem","position":2,"name":"Tienda","item":"https:\/\/meloh.com.co\/index.php\/tienda\/"},{"@type":"ListItem","position":3,"name":"Quita motas"}]},{"@type":"WebSite","@id":"https:\/\/meloh.com.co\/#website","url":"https:\/\/meloh.com.co\/","name":"Meloh | Me lo llevo! | Tienda de accesorios para mascotas","description":"Productos dise\u00f1ados para el bienestar, la diversi\u00f3n y el cuidado de tus mascotas.","publisher":{"@id":"https:\/\/meloh.com.co\/#organization"},"potentialAction":[{"@type":"SearchAction","target":{"@type":"EntryPoint","urlTemplate":"https:\/\/meloh.com.co\/?s={search_term_string}"},"query-input":{"@type":"PropertyValueSpecification","valueRequired":true,"valueName":"search_term_string"}}],"inLanguage":"es"},{"@type":"Organization","@id":"https:\/\/meloh.com.co\/#organization","name":"Meloh | Tienda online de arena para gatos y accesorios para mascotas","url":"https:\/\/meloh.com.co\/","logo":{"@type":"ImageObject","inLanguage":"es","@id":"https:\/\/meloh.com.co\/#\/schema\/logo\/image\/","url":"https:\/\/meloh.com.co\/wp-content\/uploads\/2024\/10\/cropped-logo-tab-1.png","contentUrl":"https:\/\/meloh.com.co\/wp-content\/uploads\/2024\/10\/cropped-logo-tab-1.png","width":250,"height":137,"caption":"Meloh | Tienda online de arena para gatos y accesorios para mascotas"},"image":{"@id":"https:\/\/meloh.com.co\/#\/schema\/logo\/image\/"},"sameAs":["https:\/\/www.facebook.com\/profile.php?id=61565172460702","https:\/\/www.instagram.com\/meloh.shop\/"]}]}},"_links":{"self":[{"href":"https:\/\/meloh.com.co\/index.php\/wp-json\/wp\/v2\/product\/1613","targetHints":{"allow":["GET"]}}],"collection":[{"href":"https:\/\/meloh.com.co\/index.php\/wp-json\/wp\/v2\/product"}],"about":[{"href":"https:\/\/meloh.com.co\/index.php\/wp-json\/wp\/v2\/types\/product"}],"version-history":[{"count":4,"href":"https:\/\/meloh.com.co\/index.php\/wp-json\/wp\/v2\/product\/1613\/revisions"}],"predecessor-version":[{"id":1904,"href":"https:\/\/meloh.com.co\/index.php\/wp-json\/wp\/v2\/product\/1613\/revisions\/1904"}],"wp:featuredmedia":[{"embeddable":true,"href":"https:\/\/meloh.com.co\/index.php\/wp-json\/wp\/v2\/media\/1618"}],"wp:attachment":[{"href":"https:\/\/meloh.com.co\/index.php\/wp-json\/wp\/v2\/media?parent=1613"}],"wp:term":[{"taxonomy":"product_brand","embeddable":true,"href":"https:\/\/meloh.com.co\/index.php\/wp-json\/wp\/v2\/product_brand?post=1613"},{"taxonomy":"product_cat","embeddable":true,"href":"https:\/\/meloh.com.co\/index.php\/wp-json\/wp\/v2\/product_cat?post=1613"},{"taxonomy":"product_tag","embeddable":true,"href":"https:\/\/meloh.com.co\/index.php\/wp-json\/wp\/v2\/product_tag?post=1613"}],"curies":[{"name":"wp","href":"https:\/\/api.w.org\/{rel}","templated":true}]}}