{"id":1474,"date":"2025-01-09T10:18:35","date_gmt":"2025-01-09T15:18:35","guid":{"rendered":"https:\/\/meloh.com.co\/?post_type=product&#038;p=1474"},"modified":"2026-03-10T22:49:43","modified_gmt":"2026-03-11T03:49:43","slug":"lanzador-de-croquetas","status":"publish","type":"product","link":"https:\/\/meloh.com.co\/index.php\/producto\/lanzador-de-croquetas\/","title":{"rendered":"Arn\u00e9s con correa"},"content":{"rendered":"<div class=\"flex-shrink-0 flex flex-col relative items-end\">\n<div>\n<div class=\"pt-0\">\n<div class=\"gizmo-bot-avatar flex h-8 w-8 items-center justify-center overflow-hidden rounded-full\">\n<div class=\"relative p-1 rounded-sm flex items-center justify-center bg-token-main-surface-primary text-token-text-primary h-8 w-8\"><\/div>\n<\/div>\n<\/div>\n<\/div>\n<\/div>\n<div class=\"group\/conversation-turn relative flex w-full min-w-0 flex-col agent-turn\">\n<div class=\"flex-col gap-1 md:gap-3\">\n<div class=\"flex max-w-full flex-col flex-grow\">\n<div class=\"min-h-8 text-message flex w-full flex-col items-end gap-2 whitespace-normal break-words text-start [.text-message+&amp;]:mt-5\" dir=\"auto\" data-message-author-role=\"assistant\" data-message-id=\"c75043ed-6801-4d8d-a26f-70ae810e99b9\" data-message-model-slug=\"gpt-4o\">\n<div class=\"flex w-full flex-col gap-1 empty:hidden first:pt-[3px]\">\n<div class=\"markdown prose w-full break-words dark:prose-invert dark\">\n<p><strong>Arn\u00e9s c\u00f3modo para tu mascota<\/strong>, acompa\u00f1ado de una resistente correa, dise\u00f1ado para brindarle seguridad y confort en cada paseo.<\/p>\n<p><strong>Caracter\u00edsticas destacadas:<\/strong><\/p>\n<ul>\n<li><strong>Dise\u00f1o ergon\u00f3mico<\/strong> que se ajusta perfectamente al cuerpo de tu mascota, permitiendo libertad de movimiento y evitando molestias.<\/li>\n<li><strong>Materiales de alta calidad<\/strong>, suaves y transpirables, que previenen rozaduras y aseguran durabilidad.<\/li>\n<li><strong>F\u00e1cil de colocar y ajustar<\/strong>, facilitando su uso diario.<\/li>\n<li><strong>Correa a juego<\/strong> incluida, ofreciendo un conjunto completo para tus salidas.<\/li>\n<\/ul>\n<\/div>\n<\/div>\n<\/div>\n<\/div>\n<\/div>\n<\/div>\n","protected":false},"excerpt":{"rendered":"<p>Arn\u00e9s c\u00f3modo para tu mascota, acompa\u00f1ado de una resistente correa, dise\u00f1ado para brindarle seguridad y confort en cada paseo. Caracter\u00edsticas destacadas: Dise\u00f1o ergon\u00f3mico que se ajusta perfectamente al cuerpo de [&hellip;]<\/p>\n","protected":false},"featured_media":1475,"template":"","meta":[],"product_brand":[],"product_cat":[18,35],"product_tag":[],"class_list":{"0":"post-1474","1":"product","2":"type-product","3":"status-publish","4":"has-post-thumbnail","6":"product_cat-accesorios","7":"product_cat-perro","9":"first","10":"instock","11":"shipping-taxable","12":"purchasable","13":"product-type-variable"},"yoast_head":"<!-- This site is optimized with the Yoast SEO plugin v25.6 - https:\/\/yoast.com\/wordpress\/plugins\/seo\/ -->\n<title>Arn\u00e9s con correa - Meloh | Me lo llevo!<\/title>\n<meta name=\"robots\" content=\"index, follow, max-snippet:-1, max-image-preview:large, max-video-preview:-1\" \/>\n<link rel=\"canonical\" href=\"https:\/\/meloh.com.co\/index.php\/producto\/lanzador-de-croquetas\/\" \/>\n<meta property=\"og:locale\" content=\"es_ES\" \/>\n<meta property=\"og:type\" content=\"article\" \/>\n<meta property=\"og:title\" content=\"Arn\u00e9s con correa - Meloh | Me lo llevo!\" \/>\n<meta property=\"og:description\" content=\"Arn\u00e9s c\u00f3modo para tu mascota, acompa\u00f1ado de una resistente correa, dise\u00f1ado para brindarle seguridad y confort en cada paseo. Caracter\u00edsticas destacadas: Dise\u00f1o ergon\u00f3mico que se ajusta perfectamente al cuerpo de [&hellip;]\" \/>\n<meta property=\"og:url\" content=\"https:\/\/meloh.com.co\/index.php\/producto\/lanzador-de-croquetas\/\" \/>\n<meta property=\"og:site_name\" content=\"Meloh | Me lo llevo!\" \/>\n<meta property=\"article:publisher\" content=\"https:\/\/www.facebook.com\/profile.php?id=61565172460702\" \/>\n<meta property=\"article:modified_time\" content=\"2026-03-11T03:49:43+00:00\" \/>\n<meta property=\"og:image\" content=\"https:\/\/meloh.com.co\/wp-content\/uploads\/2025\/01\/MASCOTAS-18864.jpg\" \/>\n\t<meta property=\"og:image:width\" content=\"1200\" \/>\n\t<meta property=\"og:image:height\" content=\"1200\" \/>\n\t<meta property=\"og:image:type\" content=\"image\/jpeg\" \/>\n<meta name=\"twitter:card\" content=\"summary_large_image\" \/>\n<meta name=\"twitter:label1\" content=\"Tiempo de lectura\" \/>\n\t<meta name=\"twitter:data1\" content=\"1 minuto\" \/>\n<script type=\"application\/ld+json\" class=\"yoast-schema-graph\">{\"@context\":\"https:\/\/schema.org\",\"@graph\":[{\"@type\":\"WebPage\",\"@id\":\"https:\/\/meloh.com.co\/index.php\/producto\/lanzador-de-croquetas\/\",\"url\":\"https:\/\/meloh.com.co\/index.php\/producto\/lanzador-de-croquetas\/\",\"name\":\"Arn\u00e9s con correa - Meloh | Me lo llevo!\",\"isPartOf\":{\"@id\":\"https:\/\/meloh.com.co\/#website\"},\"primaryImageOfPage\":{\"@id\":\"https:\/\/meloh.com.co\/index.php\/producto\/lanzador-de-croquetas\/#primaryimage\"},\"image\":{\"@id\":\"https:\/\/meloh.com.co\/index.php\/producto\/lanzador-de-croquetas\/#primaryimage\"},\"thumbnailUrl\":\"https:\/\/meloh.com.co\/wp-content\/uploads\/2025\/01\/MASCOTAS-18864.jpg\",\"datePublished\":\"2025-01-09T15:18:35+00:00\",\"dateModified\":\"2026-03-11T03:49:43+00:00\",\"breadcrumb\":{\"@id\":\"https:\/\/meloh.com.co\/index.php\/producto\/lanzador-de-croquetas\/#breadcrumb\"},\"inLanguage\":\"es\",\"potentialAction\":[{\"@type\":\"ReadAction\",\"target\":[\"https:\/\/meloh.com.co\/index.php\/producto\/lanzador-de-croquetas\/\"]}]},{\"@type\":\"ImageObject\",\"inLanguage\":\"es\",\"@id\":\"https:\/\/meloh.com.co\/index.php\/producto\/lanzador-de-croquetas\/#primaryimage\",\"url\":\"https:\/\/meloh.com.co\/wp-content\/uploads\/2025\/01\/MASCOTAS-18864.jpg\",\"contentUrl\":\"https:\/\/meloh.com.co\/wp-content\/uploads\/2025\/01\/MASCOTAS-18864.jpg\",\"width\":1200,\"height\":1200},{\"@type\":\"BreadcrumbList\",\"@id\":\"https:\/\/meloh.com.co\/index.php\/producto\/lanzador-de-croquetas\/#breadcrumb\",\"itemListElement\":[{\"@type\":\"ListItem\",\"position\":1,\"name\":\"Portada\",\"item\":\"https:\/\/meloh.com.co\/\"},{\"@type\":\"ListItem\",\"position\":2,\"name\":\"Tienda\",\"item\":\"https:\/\/meloh.com.co\/index.php\/tienda\/\"},{\"@type\":\"ListItem\",\"position\":3,\"name\":\"Arn\u00e9s con correa\"}]},{\"@type\":\"WebSite\",\"@id\":\"https:\/\/meloh.com.co\/#website\",\"url\":\"https:\/\/meloh.com.co\/\",\"name\":\"Meloh | Me lo llevo! | Tienda de accesorios para mascotas\",\"description\":\"Productos dise\u00f1ados para el bienestar, la diversi\u00f3n y el cuidado de tus mascotas.\",\"publisher\":{\"@id\":\"https:\/\/meloh.com.co\/#organization\"},\"potentialAction\":[{\"@type\":\"SearchAction\",\"target\":{\"@type\":\"EntryPoint\",\"urlTemplate\":\"https:\/\/meloh.com.co\/?s={search_term_string}\"},\"query-input\":{\"@type\":\"PropertyValueSpecification\",\"valueRequired\":true,\"valueName\":\"search_term_string\"}}],\"inLanguage\":\"es\"},{\"@type\":\"Organization\",\"@id\":\"https:\/\/meloh.com.co\/#organization\",\"name\":\"Meloh | Tienda online de arena para gatos y accesorios para mascotas\",\"url\":\"https:\/\/meloh.com.co\/\",\"logo\":{\"@type\":\"ImageObject\",\"inLanguage\":\"es\",\"@id\":\"https:\/\/meloh.com.co\/#\/schema\/logo\/image\/\",\"url\":\"https:\/\/meloh.com.co\/wp-content\/uploads\/2024\/10\/cropped-logo-tab-1.png\",\"contentUrl\":\"https:\/\/meloh.com.co\/wp-content\/uploads\/2024\/10\/cropped-logo-tab-1.png\",\"width\":250,\"height\":137,\"caption\":\"Meloh | Tienda online de arena para gatos y accesorios para mascotas\"},\"image\":{\"@id\":\"https:\/\/meloh.com.co\/#\/schema\/logo\/image\/\"},\"sameAs\":[\"https:\/\/www.facebook.com\/profile.php?id=61565172460702\",\"https:\/\/www.instagram.com\/meloh.shop\/\"]}]}<\/script>\n<!-- \/ Yoast SEO plugin. -->","yoast_head_json":{"title":"Arn\u00e9s con correa - Meloh | Me lo llevo!","robots":{"index":"index","follow":"follow","max-snippet":"max-snippet:-1","max-image-preview":"max-image-preview:large","max-video-preview":"max-video-preview:-1"},"canonical":"https:\/\/meloh.com.co\/index.php\/producto\/lanzador-de-croquetas\/","og_locale":"es_ES","og_type":"article","og_title":"Arn\u00e9s con correa - Meloh | Me lo llevo!","og_description":"Arn\u00e9s c\u00f3modo para tu mascota, acompa\u00f1ado de una resistente correa, dise\u00f1ado para brindarle seguridad y confort en cada paseo. Caracter\u00edsticas destacadas: Dise\u00f1o ergon\u00f3mico que se ajusta perfectamente al cuerpo de [&hellip;]","og_url":"https:\/\/meloh.com.co\/index.php\/producto\/lanzador-de-croquetas\/","og_site_name":"Meloh | Me lo llevo!","article_publisher":"https:\/\/www.facebook.com\/profile.php?id=61565172460702","article_modified_time":"2026-03-11T03:49:43+00:00","og_image":[{"width":1200,"height":1200,"url":"https:\/\/meloh.com.co\/wp-content\/uploads\/2025\/01\/MASCOTAS-18864.jpg","type":"image\/jpeg"}],"twitter_card":"summary_large_image","twitter_misc":{"Tiempo de lectura":"1 minuto"},"schema":{"@context":"https:\/\/schema.org","@graph":[{"@type":"WebPage","@id":"https:\/\/meloh.com.co\/index.php\/producto\/lanzador-de-croquetas\/","url":"https:\/\/meloh.com.co\/index.php\/producto\/lanzador-de-croquetas\/","name":"Arn\u00e9s con correa - Meloh | Me lo llevo!","isPartOf":{"@id":"https:\/\/meloh.com.co\/#website"},"primaryImageOfPage":{"@id":"https:\/\/meloh.com.co\/index.php\/producto\/lanzador-de-croquetas\/#primaryimage"},"image":{"@id":"https:\/\/meloh.com.co\/index.php\/producto\/lanzador-de-croquetas\/#primaryimage"},"thumbnailUrl":"https:\/\/meloh.com.co\/wp-content\/uploads\/2025\/01\/MASCOTAS-18864.jpg","datePublished":"2025-01-09T15:18:35+00:00","dateModified":"2026-03-11T03:49:43+00:00","breadcrumb":{"@id":"https:\/\/meloh.com.co\/index.php\/producto\/lanzador-de-croquetas\/#breadcrumb"},"inLanguage":"es","potentialAction":[{"@type":"ReadAction","target":["https:\/\/meloh.com.co\/index.php\/producto\/lanzador-de-croquetas\/"]}]},{"@type":"ImageObject","inLanguage":"es","@id":"https:\/\/meloh.com.co\/index.php\/producto\/lanzador-de-croquetas\/#primaryimage","url":"https:\/\/meloh.com.co\/wp-content\/uploads\/2025\/01\/MASCOTAS-18864.jpg","contentUrl":"https:\/\/meloh.com.co\/wp-content\/uploads\/2025\/01\/MASCOTAS-18864.jpg","width":1200,"height":1200},{"@type":"BreadcrumbList","@id":"https:\/\/meloh.com.co\/index.php\/producto\/lanzador-de-croquetas\/#breadcrumb","itemListElement":[{"@type":"ListItem","position":1,"name":"Portada","item":"https:\/\/meloh.com.co\/"},{"@type":"ListItem","position":2,"name":"Tienda","item":"https:\/\/meloh.com.co\/index.php\/tienda\/"},{"@type":"ListItem","position":3,"name":"Arn\u00e9s con correa"}]},{"@type":"WebSite","@id":"https:\/\/meloh.com.co\/#website","url":"https:\/\/meloh.com.co\/","name":"Meloh | Me lo llevo! | Tienda de accesorios para mascotas","description":"Productos dise\u00f1ados para el bienestar, la diversi\u00f3n y el cuidado de tus mascotas.","publisher":{"@id":"https:\/\/meloh.com.co\/#organization"},"potentialAction":[{"@type":"SearchAction","target":{"@type":"EntryPoint","urlTemplate":"https:\/\/meloh.com.co\/?s={search_term_string}"},"query-input":{"@type":"PropertyValueSpecification","valueRequired":true,"valueName":"search_term_string"}}],"inLanguage":"es"},{"@type":"Organization","@id":"https:\/\/meloh.com.co\/#organization","name":"Meloh | Tienda online de arena para gatos y accesorios para mascotas","url":"https:\/\/meloh.com.co\/","logo":{"@type":"ImageObject","inLanguage":"es","@id":"https:\/\/meloh.com.co\/#\/schema\/logo\/image\/","url":"https:\/\/meloh.com.co\/wp-content\/uploads\/2024\/10\/cropped-logo-tab-1.png","contentUrl":"https:\/\/meloh.com.co\/wp-content\/uploads\/2024\/10\/cropped-logo-tab-1.png","width":250,"height":137,"caption":"Meloh | Tienda online de arena para gatos y accesorios para mascotas"},"image":{"@id":"https:\/\/meloh.com.co\/#\/schema\/logo\/image\/"},"sameAs":["https:\/\/www.facebook.com\/profile.php?id=61565172460702","https:\/\/www.instagram.com\/meloh.shop\/"]}]}},"_links":{"self":[{"href":"https:\/\/meloh.com.co\/index.php\/wp-json\/wp\/v2\/product\/1474","targetHints":{"allow":["GET"]}}],"collection":[{"href":"https:\/\/meloh.com.co\/index.php\/wp-json\/wp\/v2\/product"}],"about":[{"href":"https:\/\/meloh.com.co\/index.php\/wp-json\/wp\/v2\/types\/product"}],"version-history":[{"count":3,"href":"https:\/\/meloh.com.co\/index.php\/wp-json\/wp\/v2\/product\/1474\/revisions"}],"predecessor-version":[{"id":1832,"href":"https:\/\/meloh.com.co\/index.php\/wp-json\/wp\/v2\/product\/1474\/revisions\/1832"}],"wp:featuredmedia":[{"embeddable":true,"href":"https:\/\/meloh.com.co\/index.php\/wp-json\/wp\/v2\/media\/1475"}],"wp:attachment":[{"href":"https:\/\/meloh.com.co\/index.php\/wp-json\/wp\/v2\/media?parent=1474"}],"wp:term":[{"taxonomy":"product_brand","embeddable":true,"href":"https:\/\/meloh.com.co\/index.php\/wp-json\/wp\/v2\/product_brand?post=1474"},{"taxonomy":"product_cat","embeddable":true,"href":"https:\/\/meloh.com.co\/index.php\/wp-json\/wp\/v2\/product_cat?post=1474"},{"taxonomy":"product_tag","embeddable":true,"href":"https:\/\/meloh.com.co\/index.php\/wp-json\/wp\/v2\/product_tag?post=1474"}],"curies":[{"name":"wp","href":"https:\/\/api.w.org\/{rel}","templated":true}]}}