{"id":1721,"date":"2025-08-06T01:24:54","date_gmt":"2025-08-06T06:24:54","guid":{"rendered":"https:\/\/meloh.com.co\/?page_id=1721"},"modified":"2025-08-06T09:34:10","modified_gmt":"2025-08-06T14:34:10","slug":"politica-de-privacidad","status":"publish","type":"page","link":"https:\/\/meloh.com.co\/index.php\/politica-de-privacidad\/","title":{"rendered":"Pol\u00edtica de privacidad"},"content":{"rendered":"\n<p>La sociedad CANARIAM SAS en cumplimiento de la Ley 1581 de 2012 y dem\u00e1s normas concordantes, son responsables del tratamiento de sus datos personales.<\/p>\n\n\n\n<p>Los datos personales que CANARIAM SAS solicita ser\u00e1n utilizados para los siguientes fines:&nbsp;<\/p>\n\n\n\n<ul class=\"wp-block-list\">\n<li>Mejorar la experiencia del usuario y Omnicanalidad.<\/li>\n\n\n\n<li>Compartir datos personales entre nuestras sucursales.<\/li>\n\n\n\n<li>Administrar sorteos, promociones o encuestas.<\/li>\n\n\n\n<li>Dar a conocer nuestras ofertas de productos y\/o servicios.<\/li>\n\n\n\n<li>Diligenciar pedidos de nuevos productos, servicios o informaci\u00f3n.<\/li>\n\n\n\n<li>Optimizar la efectividad de nuestro portal web.<\/li>\n\n\n\n<li>Informaci\u00f3n sobre sus h\u00e1bitos comerciales de pago<\/li>\n\n\n\n<li>Desarrollar relaciones comerciales con terceros.<\/li>\n\n\n\n<li>Realizar tratamientos estad\u00edsticos de sus datos.<\/li>\n\n\n\n<li>Evaluar la calidad de productos o servicios.<\/li>\n\n\n\n<li>Desarrollar actividades de mercadeo y promocionales.<\/li>\n\n\n\n<li>Transmitir, mediante publicaci\u00f3n en la web de&nbsp;<strong>CANARIAM S.A.S.,<\/strong>&nbsp;correo f\u00edsico, electr\u00f3nico, celular o dispositivo m\u00f3vil, &#8211; v\u00eda mensajes de texto (SMS y\/o MMS) informaci\u00f3n comercial, publicitaria o promocional sobre los productos y\/o servicios, eventos y\/o promociones, con el fin de impulsar, invitar, dirigir, ejecutar, informar y de manera general, llevar a cabo campa\u00f1as, promociones o concursos.<\/li>\n\n\n\n<li>Realizar estudios internos sobre el cumplimiento de las relaciones comerciales y estudios de mercado.<\/li>\n\n\n\n<li>Atender servicios a trav\u00e9s de Call Center<\/li>\n\n\n\n<li>Dar cumplimiento a obligaciones contra\u00eddas con el Titular.<\/li>\n\n\n\n<li>Responder requerimientos legales de entidades administrativas y judiciales.<\/li>\n\n\n\n<li>Ejecutar el contrato de trabajo.<\/li>\n\n\n\n<li>Garantizar la seguridad de&nbsp;<strong>CANARIAM SAS<\/strong>.<\/li>\n\n\n\n<li>Desarrollar actividades de capacitaci\u00f3n.<\/li>\n\n\n\n<li>Dar a conocer los productos y servicios de la empresa<\/li>\n\n\n\n<li>Evaluar la calidad de los servicios o productos de la empresa<\/li>\n<\/ul>\n\n\n\n<p>Como titular de informaci\u00f3n tiene derecho a conocer, actualizar y rectificar sus datos personales y, s\u00f3lo en los casos en que sea procedente, a suprimirlos o revocar la autorizaci\u00f3n otorgada para su tratamiento.<\/p>\n\n\n\n<p>Si desea presentar una consulta, reclamo o petici\u00f3n de informaci\u00f3n relacionada con la protecci\u00f3n de datos personales, escr\u00edbanos de inmediato a este correo electr\u00f3nico: contabilidad@canariam.com o comun\u00edquese al celular 324 6049204, o en la Sede Principal, ubicada en la CRA 71\u00aa CIRCULAR 5-83\u00a0 en el Municipio de Medell\u00edn \u2013 Departamento Antioquia.<\/p>\n\n\n\n<p>Si requiere mayor informaci\u00f3n para conocer nuestra pol\u00edtica de tratamiento de datos personales y los cambios sustanciales que se produzcan en ella,&nbsp;<a href=\"https:\/\/canariam.com\/img\/cms\/politicas-legales-tratamiento-de-datos-personales-canariam-sas-18-sept-2020.pdf\" target=\"_blank\" rel=\"noreferrer noopener\">consulte aqu\u00ed.<\/a>&nbsp;<\/p>\n\n\n\n<p><strong>Responsabilidad del usuario:<\/strong>&nbsp;<\/p>\n\n\n\n<p>Al ingresar a nuestro Sitio, el usuario adquiere el compromiso de suministrar informaci\u00f3n personal correcta y verdadera, as\u00ed como proceder a la actualizaci\u00f3n de sus datos cada vez que se requiera. De igual forma, el usuario se obliga a notificar oportunamente a sus correspondientes entidades del sector financiero o cooperativo, la p\u00e9rdida o robo de su tarjeta de cr\u00e9dito o de los dem\u00e1s instrumentos facilitados por las mismas para realizar transacciones, tales como tarjetas d\u00e9bito, claves personales, etc., con el fin de que tales instrumentos sean inhabilitados por las mismas. Se le proh\u00edbe al usuario poner en, o transmitir a, o desde este Sitio cualquier material ilegal, amenazador, calumniador, difamatorio, obsceno, escandaloso, pornogr\u00e1fico o profano, o cualquier otro material que pudiera dar lugar a cualquier responsabilidad civil o penal en los t\u00e9rminos de la ley.<\/p>\n\n\n\n<p><strong>Pol\u00edtica de tratamiento de datos personales<\/strong><\/p>\n\n\n\n<p>POL\u00cdTICA DE TRATAMIENTO DE LA INFORMACI\u00d3N Y\/O PRIVACIDAD DE DATOS CANARIAM S.A.S La empresa CANARIAM S.A.S, en acatamiento a la normativa vigente acerca de la protecci\u00f3n de datos personales en Colombia, especialmente la Ley 1581 de 2012; establece a trav\u00e9s del presente documento las pol\u00edticas de tratamiento y protecci\u00f3n de datos personales, las cuales se aplicaran para todo acto de recolecci\u00f3n, tratamiento, transferencia, transmisi\u00f3n, actualizaci\u00f3n, rectificaci\u00f3n o cualquier otra acci\u00f3n, cualquiera sea, de tratamientos de los datos de CLIENTES, PROVEEDORES, RECURSO HUMANO y cualquier otra persona que tenga relaci\u00f3n con CANARIAM S.A.S<\/p>\n\n\n\n<p>CANARIAM S.A.S empresa identificada con NIT No. 811.036.491-0 registrada en la C\u00e1mara de comercio de Medell\u00edn para Antioquia. Ubicada en el municipio de Medell\u00edn. Direcci\u00f3n: carrera 71\u00aa CIRCULAR 5- 83, Medell\u00edn- Colombia. Tel\u00e9fonos: 324 6049204 Email: info@alpelopets.com<\/p>\n\n\n\n<p><strong>AVISO PRIVACIDAD<\/strong><\/p>\n\n\n\n<p>La sociedad CANARIAM SAS en cumplimiento de la Ley 1581 de 2012 y dem\u00e1s normas concordantes, son responsables del tratamiento de sus datos personales.<\/p>\n\n\n\n<p>Los datos personales que CANARIAM SAS solicita ser\u00e1n utilizados para los siguientes fines:<\/p>\n\n\n\n<ul class=\"wp-block-list\">\n<li>&#8211; Dar a conocer los productos y servicios de la empresa<\/li>\n\n\n\n<li>&#8211; Evaluar la calidad de los servicios o productos de la empresa<\/li>\n\n\n\n<li>&#8211; Env\u00edo de informaci\u00f3n de car\u00e1cter publicitario, comercial o mercadeo.<\/li>\n<\/ul>\n\n\n\n<p>Como titular de informaci\u00f3n tiene derecho a conocer, actualizar y rectificar sus datos personales y, s\u00f3lo en los casos en que sea procedente, a suprimirlos o revocar la autorizaci\u00f3n otorgada para su tratamiento.<\/p>\n\n\n\n<p>Si requiere mayor informaci\u00f3n para conocer nuestra pol\u00edtica de tratamiento de datos personales y los cambios sustanciales que se produzcan en ella,&nbsp;<a href=\"https:\/\/canariam.com\/content\/2-politica-de-privacidad\" target=\"_blank\" rel=\"noreferrer noopener\">consulte aqu\u00ed.<\/a><\/p>\n\n\n\n<p>Si desea presentar una consulta, reclamo o petici\u00f3n de informaci\u00f3n relacionada con la protecci\u00f3n de datos personales, escr\u00edbanos de inmediato a este correo electr\u00f3nico: contabilidad@canariam.com o comun\u00edquese al celular\u00a0<a href=\"https:\/\/bit.ly\/3vKObRr\" target=\"_blank\" rel=\"noreferrer noopener\">+57 324 6049204<\/a>, o en la Sede Principal, ubicada en la CRA 71\u00aa CIRCULAR 5-83 en el Municipio de Medell\u00edn \u2013 Departamento Antioquia.<\/p>\n","protected":false},"excerpt":{"rendered":"<p>La sociedad CANARIAM SAS en cumplimiento de la Ley 1581 de 2012 y dem\u00e1s normas concordantes, son responsables del tratamiento de sus datos personales. Los datos personales que CANARIAM SAS [&hellip;]<\/p>\n","protected":false},"author":1,"featured_media":0,"parent":0,"menu_order":0,"comment_status":"closed","ping_status":"closed","template":"","meta":{"footnotes":""},"class_list":["post-1721","page","type-page","status-publish","hentry"],"yoast_head":"<!-- This site is optimized with the Yoast SEO plugin v25.6 - https:\/\/yoast.com\/wordpress\/plugins\/seo\/ -->\n<title>Pol\u00edtica de privacidad - Meloh | Me lo llevo!<\/title>\n<meta name=\"robots\" content=\"index, follow, max-snippet:-1, max-image-preview:large, max-video-preview:-1\" \/>\n<link rel=\"canonical\" href=\"https:\/\/meloh.com.co\/index.php\/politica-de-privacidad\/\" \/>\n<meta property=\"og:locale\" content=\"es_ES\" \/>\n<meta property=\"og:type\" content=\"article\" \/>\n<meta property=\"og:title\" content=\"Pol\u00edtica de privacidad - Meloh | Me lo llevo!\" \/>\n<meta property=\"og:description\" content=\"La sociedad CANARIAM SAS en cumplimiento de la Ley 1581 de 2012 y dem\u00e1s normas concordantes, son responsables del tratamiento de sus datos personales. Los datos personales que CANARIAM SAS [&hellip;]\" \/>\n<meta property=\"og:url\" content=\"https:\/\/meloh.com.co\/index.php\/politica-de-privacidad\/\" \/>\n<meta property=\"og:site_name\" content=\"Meloh | Me lo llevo!\" \/>\n<meta property=\"article:publisher\" content=\"https:\/\/www.facebook.com\/profile.php?id=61565172460702\" \/>\n<meta property=\"article:modified_time\" content=\"2025-08-06T14:34:10+00:00\" \/>\n<meta name=\"twitter:card\" content=\"summary_large_image\" \/>\n<meta name=\"twitter:label1\" content=\"Tiempo de lectura\" \/>\n\t<meta name=\"twitter:data1\" content=\"4 minutos\" \/>\n<script type=\"application\/ld+json\" class=\"yoast-schema-graph\">{\"@context\":\"https:\/\/schema.org\",\"@graph\":[{\"@type\":\"WebPage\",\"@id\":\"https:\/\/meloh.com.co\/index.php\/politica-de-privacidad\/\",\"url\":\"https:\/\/meloh.com.co\/index.php\/politica-de-privacidad\/\",\"name\":\"Pol\u00edtica de privacidad - Meloh | Me lo llevo!\",\"isPartOf\":{\"@id\":\"https:\/\/meloh.com.co\/#website\"},\"datePublished\":\"2025-08-06T06:24:54+00:00\",\"dateModified\":\"2025-08-06T14:34:10+00:00\",\"breadcrumb\":{\"@id\":\"https:\/\/meloh.com.co\/index.php\/politica-de-privacidad\/#breadcrumb\"},\"inLanguage\":\"es\",\"potentialAction\":[{\"@type\":\"ReadAction\",\"target\":[\"https:\/\/meloh.com.co\/index.php\/politica-de-privacidad\/\"]}]},{\"@type\":\"BreadcrumbList\",\"@id\":\"https:\/\/meloh.com.co\/index.php\/politica-de-privacidad\/#breadcrumb\",\"itemListElement\":[{\"@type\":\"ListItem\",\"position\":1,\"name\":\"Portada\",\"item\":\"https:\/\/meloh.com.co\/\"},{\"@type\":\"ListItem\",\"position\":2,\"name\":\"Pol\u00edtica de privacidad\"}]},{\"@type\":\"WebSite\",\"@id\":\"https:\/\/meloh.com.co\/#website\",\"url\":\"https:\/\/meloh.com.co\/\",\"name\":\"Meloh | Me lo llevo! | Tienda de accesorios para mascotas\",\"description\":\"Productos dise\u00f1ados para el bienestar, la diversi\u00f3n y el cuidado de tus mascotas.\",\"publisher\":{\"@id\":\"https:\/\/meloh.com.co\/#organization\"},\"potentialAction\":[{\"@type\":\"SearchAction\",\"target\":{\"@type\":\"EntryPoint\",\"urlTemplate\":\"https:\/\/meloh.com.co\/?s={search_term_string}\"},\"query-input\":{\"@type\":\"PropertyValueSpecification\",\"valueRequired\":true,\"valueName\":\"search_term_string\"}}],\"inLanguage\":\"es\"},{\"@type\":\"Organization\",\"@id\":\"https:\/\/meloh.com.co\/#organization\",\"name\":\"Meloh | Tienda online de arena para gatos y accesorios para mascotas\",\"url\":\"https:\/\/meloh.com.co\/\",\"logo\":{\"@type\":\"ImageObject\",\"inLanguage\":\"es\",\"@id\":\"https:\/\/meloh.com.co\/#\/schema\/logo\/image\/\",\"url\":\"https:\/\/meloh.com.co\/wp-content\/uploads\/2024\/10\/cropped-logo-tab-1.png\",\"contentUrl\":\"https:\/\/meloh.com.co\/wp-content\/uploads\/2024\/10\/cropped-logo-tab-1.png\",\"width\":250,\"height\":137,\"caption\":\"Meloh | Tienda online de arena para gatos y accesorios para mascotas\"},\"image\":{\"@id\":\"https:\/\/meloh.com.co\/#\/schema\/logo\/image\/\"},\"sameAs\":[\"https:\/\/www.facebook.com\/profile.php?id=61565172460702\",\"https:\/\/www.instagram.com\/meloh.shop\/\"]}]}<\/script>\n<!-- \/ Yoast SEO plugin. -->","yoast_head_json":{"title":"Pol\u00edtica de privacidad - Meloh | Me lo llevo!","robots":{"index":"index","follow":"follow","max-snippet":"max-snippet:-1","max-image-preview":"max-image-preview:large","max-video-preview":"max-video-preview:-1"},"canonical":"https:\/\/meloh.com.co\/index.php\/politica-de-privacidad\/","og_locale":"es_ES","og_type":"article","og_title":"Pol\u00edtica de privacidad - Meloh | Me lo llevo!","og_description":"La sociedad CANARIAM SAS en cumplimiento de la Ley 1581 de 2012 y dem\u00e1s normas concordantes, son responsables del tratamiento de sus datos personales. Los datos personales que CANARIAM SAS [&hellip;]","og_url":"https:\/\/meloh.com.co\/index.php\/politica-de-privacidad\/","og_site_name":"Meloh | Me lo llevo!","article_publisher":"https:\/\/www.facebook.com\/profile.php?id=61565172460702","article_modified_time":"2025-08-06T14:34:10+00:00","twitter_card":"summary_large_image","twitter_misc":{"Tiempo de lectura":"4 minutos"},"schema":{"@context":"https:\/\/schema.org","@graph":[{"@type":"WebPage","@id":"https:\/\/meloh.com.co\/index.php\/politica-de-privacidad\/","url":"https:\/\/meloh.com.co\/index.php\/politica-de-privacidad\/","name":"Pol\u00edtica de privacidad - Meloh | Me lo llevo!","isPartOf":{"@id":"https:\/\/meloh.com.co\/#website"},"datePublished":"2025-08-06T06:24:54+00:00","dateModified":"2025-08-06T14:34:10+00:00","breadcrumb":{"@id":"https:\/\/meloh.com.co\/index.php\/politica-de-privacidad\/#breadcrumb"},"inLanguage":"es","potentialAction":[{"@type":"ReadAction","target":["https:\/\/meloh.com.co\/index.php\/politica-de-privacidad\/"]}]},{"@type":"BreadcrumbList","@id":"https:\/\/meloh.com.co\/index.php\/politica-de-privacidad\/#breadcrumb","itemListElement":[{"@type":"ListItem","position":1,"name":"Portada","item":"https:\/\/meloh.com.co\/"},{"@type":"ListItem","position":2,"name":"Pol\u00edtica de privacidad"}]},{"@type":"WebSite","@id":"https:\/\/meloh.com.co\/#website","url":"https:\/\/meloh.com.co\/","name":"Meloh | Me lo llevo! | Tienda de accesorios para mascotas","description":"Productos dise\u00f1ados para el bienestar, la diversi\u00f3n y el cuidado de tus mascotas.","publisher":{"@id":"https:\/\/meloh.com.co\/#organization"},"potentialAction":[{"@type":"SearchAction","target":{"@type":"EntryPoint","urlTemplate":"https:\/\/meloh.com.co\/?s={search_term_string}"},"query-input":{"@type":"PropertyValueSpecification","valueRequired":true,"valueName":"search_term_string"}}],"inLanguage":"es"},{"@type":"Organization","@id":"https:\/\/meloh.com.co\/#organization","name":"Meloh | Tienda online de arena para gatos y accesorios para mascotas","url":"https:\/\/meloh.com.co\/","logo":{"@type":"ImageObject","inLanguage":"es","@id":"https:\/\/meloh.com.co\/#\/schema\/logo\/image\/","url":"https:\/\/meloh.com.co\/wp-content\/uploads\/2024\/10\/cropped-logo-tab-1.png","contentUrl":"https:\/\/meloh.com.co\/wp-content\/uploads\/2024\/10\/cropped-logo-tab-1.png","width":250,"height":137,"caption":"Meloh | Tienda online de arena para gatos y accesorios para mascotas"},"image":{"@id":"https:\/\/meloh.com.co\/#\/schema\/logo\/image\/"},"sameAs":["https:\/\/www.facebook.com\/profile.php?id=61565172460702","https:\/\/www.instagram.com\/meloh.shop\/"]}]}},"_links":{"self":[{"href":"https:\/\/meloh.com.co\/index.php\/wp-json\/wp\/v2\/pages\/1721","targetHints":{"allow":["GET"]}}],"collection":[{"href":"https:\/\/meloh.com.co\/index.php\/wp-json\/wp\/v2\/pages"}],"about":[{"href":"https:\/\/meloh.com.co\/index.php\/wp-json\/wp\/v2\/types\/page"}],"author":[{"embeddable":true,"href":"https:\/\/meloh.com.co\/index.php\/wp-json\/wp\/v2\/users\/1"}],"replies":[{"embeddable":true,"href":"https:\/\/meloh.com.co\/index.php\/wp-json\/wp\/v2\/comments?post=1721"}],"version-history":[{"count":2,"href":"https:\/\/meloh.com.co\/index.php\/wp-json\/wp\/v2\/pages\/1721\/revisions"}],"predecessor-version":[{"id":1730,"href":"https:\/\/meloh.com.co\/index.php\/wp-json\/wp\/v2\/pages\/1721\/revisions\/1730"}],"wp:attachment":[{"href":"https:\/\/meloh.com.co\/index.php\/wp-json\/wp\/v2\/media?parent=1721"}],"curies":[{"name":"wp","href":"https:\/\/api.w.org\/{rel}","templated":true}]}}