{"id":1717,"date":"2025-08-06T01:20:24","date_gmt":"2025-08-06T06:20:24","guid":{"rendered":"https:\/\/meloh.com.co\/?page_id=1717"},"modified":"2025-08-06T01:20:26","modified_gmt":"2025-08-06T06:20:26","slug":"politica-de-cookies","status":"publish","type":"page","link":"https:\/\/meloh.com.co\/index.php\/politica-de-cookies\/","title":{"rendered":"Pol\u00edtica de cookies"},"content":{"rendered":"\n<p><strong>COOKIES<\/strong><\/p>\n\n\n\n<p>Una cookie es un archivo de informaci\u00f3n que el servidor de este sitio web env\u00eda al ordenador\/smartphone\/tablet de quien accede a la p\u00e1gina para almacenar y recuperar informaci\u00f3n sobre la navegaci\u00f3n que se efect\u00faa desde dicho equipo. Utilizamos diversos tipos de cookies (t\u00e9cnica, anal\u00edticas y sociales) \u00fanicamente con la finalidad de mejorar la navegaci\u00f3n del usuario en el sitio web, sin ning\u00fan tipo de objeto publicitario o similar. Este portal, a trav\u00e9s de las cookies no recoge dato personal alguno. Todas las cookies, salvo una utilizada por el sistema de estad\u00edsticas Google Analytics son temporales y desaparecen al concluir la sesi\u00f3n. Este sitio web utiliza las cookies que se detallan en el cuadro siguiente:<\/p>\n\n\n\n<ul class=\"wp-block-list\">\n<li><strong>Cookies t\u00e9cnicas<\/strong>\u00a0necesarias o convenientes para la prestaci\u00f3n de determinados servicios. Si se desactivan estas cookies, no podr\u00e1 recibir correctamente los contenidos del sitio web.<\/li>\n\n\n\n<li><strong>Cookies anal\u00edticas<\/strong>, para el seguimiento y an\u00e1lisis estad\u00edstico del comportamiento del conjunto de los usuarios. Si se desactivan estas cookies, el sitio web podr\u00e1 seguir funcionando, sin perjuicio de que la informaci\u00f3n captada por estas cookies sobre el uso de nuestra web y sobre su contenido permite mejorar nuestros servicios.<\/li>\n\n\n\n<li><strong>Cookies de redes sociales externas<\/strong>, que se utilizan para que los visitantes puedan interactuar con el contenido de diferentes plataformas sociales (Facebook, YouTube, Twitter, LinkedIn, etc.) y que se generan \u00fanicamente para los usuarios de dichas redes sociales. Las condiciones de utilizaci\u00f3n de estas cookies y la informaci\u00f3n recopilada se regula por la pol\u00edtica de privacidad de la plataforma social correspondiente.<\/li>\n<\/ul>\n\n\n\n<figure class=\"wp-block-table\"><table class=\"has-fixed-layout\"><thead><tr><td><strong>Cookie<\/strong><\/td><td><strong>Tipo<\/strong><\/td><td><strong>Temporalidad<\/strong><\/td><td><strong>Titularidad<\/strong><\/td><td><strong>Finalidad<\/strong><\/td><td><strong>Opt-Out<\/strong><\/td><\/tr><\/thead><tbody><tr><td>JavaScript\/Sesi\u00f3n<\/td><td>T\u00e9cnica<\/td><td>Temporal<\/td><td>Propia<\/td><td>Garantizar el correcto funcionamiento del sitio, detectando si el usuario que ha accedido tiene habilitada la posibilidad de utilizar JavaScript (lenguaje de programaci\u00f3n interpretado que, entre otras cosas, permite una mejora en la experiencia de usuario de este Sitio), o de mantener la sesi\u00f3n en el gestor de contenidos.<\/td><td>Neutro, por lo que no utiliza cookies<\/td><\/tr><tr><td>Google Analytics I<\/td><td>Anal\u00edtica<\/td><td>Permanente<\/td><td>Ajena<\/td><td>Generar un identificador de usuario \u00fanico, que es el que se utiliza para hacer recuento de cu\u00e1ntas veces visita el sitio un usuario, as\u00ed como la fecha de la primera y la \u00faltima vez que visit\u00f3 la web.<\/td><td>Neutro<\/td><\/tr><tr><td>Google Analytics II<\/td><td>Anal\u00edtica<\/td><td>Temporal<\/td><td>Ajena<\/td><td>Registrar la fecha y hora de acceso a cualquiera de las p\u00e1ginas del Sitio.<\/td><td>Neutro<\/td><\/tr><tr><td>Google Analytics III<\/td><td>Anal\u00edtica<\/td><td>Temporal<\/td><td>Ajena<\/td><td>Comprobar la necesidad de mantener la sesi\u00f3n de un usuario abierta o crear una nueva.<\/td><td>Neutro<\/td><\/tr><tr><td>Google Analytics IV<\/td><td>Anal\u00edtica<\/td><td>Temporal<\/td><td>Ajena<\/td><td>Identificar la sesi\u00f3n del usuario, para recoger la ubicaci\u00f3n geogr\u00e1fica aproximada del ordenador que accede al Sitio con efectos estad\u00edsticos.<\/td><td>Neutro<\/td><\/tr><tr><td>Sociales (Facebook, YouTube, Twitter, LinkedIn, etc.).<\/td><td>Sociales<\/td><td colspan=\"4\">Depende de cada red social.<\/td><\/tr><\/tbody><\/table><\/figure>\n\n\n\n<p>El usuario&nbsp;<strong>podr\u00e1 en cualquier momento<\/strong>&nbsp;elegir qu\u00e9 cookies quiere que funcionen en este sitio web mediante:<\/p>\n\n\n\n<ul class=\"wp-block-list\">\n<li>la configuraci\u00f3n del navegador; por ejemplo:\n<ul class=\"wp-block-list\">\n<li><strong>Chrome<\/strong>, desde https:\/\/support.google.com\/chrome\/bin\/answer.py?hl=es&amp;answer=95647<\/li>\n\n\n\n<li><strong>Explorer<\/strong>, desde https:\/\/windows.microsoft.com\/es-es\/windows7\/how-to-manage-cookies-in-internet-explorer-9<\/li>\n\n\n\n<li><strong>Firefox<\/strong>, desde https:\/\/support.mozilla.org\/es\/kb\/habilitar-y-deshabilitar-cookies-que-los-sitios-we<\/li>\n\n\n\n<li><strong>Safari<\/strong>, desde https:\/\/support.apple.com\/kb\/ph5042<\/li>\n<\/ul>\n<\/li>\n\n\n\n<li>Existen herramientas de terceros, disponibles on line, que permiten a los usuarios detectar las cookies en cada sitio web que visita y gestionar su desactivaci\u00f3n.<\/li>\n<\/ul>\n\n\n\n<h2 class=\"wp-block-heading\">Cambios y actualizaciones en la Pol\u00edtica de cookies<\/h2>\n\n\n\n<p>canariam.com puede modificar esta Pol\u00edtica de Cookies en funci\u00f3n de exigencias legislativas, reglamentarias, o con la finalidad de adaptar dicha pol\u00edtica a las instrucciones y recomendaciones dictadas por la Agencia Espa\u00f1ola de Protecci\u00f3n de Datos, por ello se aconseja a los usuarios que revisen peri\u00f3dicamente la Pol\u00edtica de Cookies.<\/p>\n","protected":false},"excerpt":{"rendered":"<p>COOKIES Una cookie es un archivo de informaci\u00f3n que el servidor de este sitio web env\u00eda al ordenador\/smartphone\/tablet de quien accede a la p\u00e1gina para almacenar y recuperar informaci\u00f3n sobre [&hellip;]<\/p>\n","protected":false},"author":1,"featured_media":0,"parent":0,"menu_order":0,"comment_status":"closed","ping_status":"closed","template":"","meta":{"footnotes":""},"class_list":["post-1717","page","type-page","status-publish","hentry"],"yoast_head":"<!-- This site is optimized with the Yoast SEO plugin v25.6 - https:\/\/yoast.com\/wordpress\/plugins\/seo\/ -->\n<title>Pol\u00edtica de cookies - Meloh | Me lo llevo!<\/title>\n<meta name=\"robots\" content=\"index, follow, max-snippet:-1, max-image-preview:large, max-video-preview:-1\" \/>\n<link rel=\"canonical\" href=\"https:\/\/meloh.com.co\/index.php\/politica-de-cookies\/\" \/>\n<meta property=\"og:locale\" content=\"es_ES\" \/>\n<meta property=\"og:type\" content=\"article\" \/>\n<meta property=\"og:title\" content=\"Pol\u00edtica de cookies - Meloh | Me lo llevo!\" \/>\n<meta property=\"og:description\" content=\"COOKIES Una cookie es un archivo de informaci\u00f3n que el servidor de este sitio web env\u00eda al ordenador\/smartphone\/tablet de quien accede a la p\u00e1gina para almacenar y recuperar informaci\u00f3n sobre [&hellip;]\" \/>\n<meta property=\"og:url\" content=\"https:\/\/meloh.com.co\/index.php\/politica-de-cookies\/\" \/>\n<meta property=\"og:site_name\" content=\"Meloh | Me lo llevo!\" \/>\n<meta property=\"article:publisher\" content=\"https:\/\/www.facebook.com\/profile.php?id=61565172460702\" \/>\n<meta property=\"article:modified_time\" content=\"2025-08-06T06:20:26+00:00\" \/>\n<meta name=\"twitter:card\" content=\"summary_large_image\" \/>\n<meta name=\"twitter:label1\" content=\"Tiempo de lectura\" \/>\n\t<meta name=\"twitter:data1\" content=\"3 minutos\" \/>\n<script type=\"application\/ld+json\" class=\"yoast-schema-graph\">{\"@context\":\"https:\/\/schema.org\",\"@graph\":[{\"@type\":\"WebPage\",\"@id\":\"https:\/\/meloh.com.co\/index.php\/politica-de-cookies\/\",\"url\":\"https:\/\/meloh.com.co\/index.php\/politica-de-cookies\/\",\"name\":\"Pol\u00edtica de cookies - Meloh | Me lo llevo!\",\"isPartOf\":{\"@id\":\"https:\/\/meloh.com.co\/#website\"},\"datePublished\":\"2025-08-06T06:20:24+00:00\",\"dateModified\":\"2025-08-06T06:20:26+00:00\",\"breadcrumb\":{\"@id\":\"https:\/\/meloh.com.co\/index.php\/politica-de-cookies\/#breadcrumb\"},\"inLanguage\":\"es\",\"potentialAction\":[{\"@type\":\"ReadAction\",\"target\":[\"https:\/\/meloh.com.co\/index.php\/politica-de-cookies\/\"]}]},{\"@type\":\"BreadcrumbList\",\"@id\":\"https:\/\/meloh.com.co\/index.php\/politica-de-cookies\/#breadcrumb\",\"itemListElement\":[{\"@type\":\"ListItem\",\"position\":1,\"name\":\"Portada\",\"item\":\"https:\/\/meloh.com.co\/\"},{\"@type\":\"ListItem\",\"position\":2,\"name\":\"Pol\u00edtica de cookies\"}]},{\"@type\":\"WebSite\",\"@id\":\"https:\/\/meloh.com.co\/#website\",\"url\":\"https:\/\/meloh.com.co\/\",\"name\":\"Meloh | Me lo llevo! | Tienda de accesorios para mascotas\",\"description\":\"Productos dise\u00f1ados para el bienestar, la diversi\u00f3n y el cuidado de tus mascotas.\",\"publisher\":{\"@id\":\"https:\/\/meloh.com.co\/#organization\"},\"potentialAction\":[{\"@type\":\"SearchAction\",\"target\":{\"@type\":\"EntryPoint\",\"urlTemplate\":\"https:\/\/meloh.com.co\/?s={search_term_string}\"},\"query-input\":{\"@type\":\"PropertyValueSpecification\",\"valueRequired\":true,\"valueName\":\"search_term_string\"}}],\"inLanguage\":\"es\"},{\"@type\":\"Organization\",\"@id\":\"https:\/\/meloh.com.co\/#organization\",\"name\":\"Meloh | Tienda online de arena para gatos y accesorios para mascotas\",\"url\":\"https:\/\/meloh.com.co\/\",\"logo\":{\"@type\":\"ImageObject\",\"inLanguage\":\"es\",\"@id\":\"https:\/\/meloh.com.co\/#\/schema\/logo\/image\/\",\"url\":\"https:\/\/meloh.com.co\/wp-content\/uploads\/2024\/10\/cropped-logo-tab-1.png\",\"contentUrl\":\"https:\/\/meloh.com.co\/wp-content\/uploads\/2024\/10\/cropped-logo-tab-1.png\",\"width\":250,\"height\":137,\"caption\":\"Meloh | Tienda online de arena para gatos y accesorios para mascotas\"},\"image\":{\"@id\":\"https:\/\/meloh.com.co\/#\/schema\/logo\/image\/\"},\"sameAs\":[\"https:\/\/www.facebook.com\/profile.php?id=61565172460702\",\"https:\/\/www.instagram.com\/meloh.shop\/\"]}]}<\/script>\n<!-- \/ Yoast SEO plugin. -->","yoast_head_json":{"title":"Pol\u00edtica de cookies - Meloh | Me lo llevo!","robots":{"index":"index","follow":"follow","max-snippet":"max-snippet:-1","max-image-preview":"max-image-preview:large","max-video-preview":"max-video-preview:-1"},"canonical":"https:\/\/meloh.com.co\/index.php\/politica-de-cookies\/","og_locale":"es_ES","og_type":"article","og_title":"Pol\u00edtica de cookies - Meloh | Me lo llevo!","og_description":"COOKIES Una cookie es un archivo de informaci\u00f3n que el servidor de este sitio web env\u00eda al ordenador\/smartphone\/tablet de quien accede a la p\u00e1gina para almacenar y recuperar informaci\u00f3n sobre [&hellip;]","og_url":"https:\/\/meloh.com.co\/index.php\/politica-de-cookies\/","og_site_name":"Meloh | Me lo llevo!","article_publisher":"https:\/\/www.facebook.com\/profile.php?id=61565172460702","article_modified_time":"2025-08-06T06:20:26+00:00","twitter_card":"summary_large_image","twitter_misc":{"Tiempo de lectura":"3 minutos"},"schema":{"@context":"https:\/\/schema.org","@graph":[{"@type":"WebPage","@id":"https:\/\/meloh.com.co\/index.php\/politica-de-cookies\/","url":"https:\/\/meloh.com.co\/index.php\/politica-de-cookies\/","name":"Pol\u00edtica de cookies - Meloh | Me lo llevo!","isPartOf":{"@id":"https:\/\/meloh.com.co\/#website"},"datePublished":"2025-08-06T06:20:24+00:00","dateModified":"2025-08-06T06:20:26+00:00","breadcrumb":{"@id":"https:\/\/meloh.com.co\/index.php\/politica-de-cookies\/#breadcrumb"},"inLanguage":"es","potentialAction":[{"@type":"ReadAction","target":["https:\/\/meloh.com.co\/index.php\/politica-de-cookies\/"]}]},{"@type":"BreadcrumbList","@id":"https:\/\/meloh.com.co\/index.php\/politica-de-cookies\/#breadcrumb","itemListElement":[{"@type":"ListItem","position":1,"name":"Portada","item":"https:\/\/meloh.com.co\/"},{"@type":"ListItem","position":2,"name":"Pol\u00edtica de cookies"}]},{"@type":"WebSite","@id":"https:\/\/meloh.com.co\/#website","url":"https:\/\/meloh.com.co\/","name":"Meloh | Me lo llevo! | Tienda de accesorios para mascotas","description":"Productos dise\u00f1ados para el bienestar, la diversi\u00f3n y el cuidado de tus mascotas.","publisher":{"@id":"https:\/\/meloh.com.co\/#organization"},"potentialAction":[{"@type":"SearchAction","target":{"@type":"EntryPoint","urlTemplate":"https:\/\/meloh.com.co\/?s={search_term_string}"},"query-input":{"@type":"PropertyValueSpecification","valueRequired":true,"valueName":"search_term_string"}}],"inLanguage":"es"},{"@type":"Organization","@id":"https:\/\/meloh.com.co\/#organization","name":"Meloh | Tienda online de arena para gatos y accesorios para mascotas","url":"https:\/\/meloh.com.co\/","logo":{"@type":"ImageObject","inLanguage":"es","@id":"https:\/\/meloh.com.co\/#\/schema\/logo\/image\/","url":"https:\/\/meloh.com.co\/wp-content\/uploads\/2024\/10\/cropped-logo-tab-1.png","contentUrl":"https:\/\/meloh.com.co\/wp-content\/uploads\/2024\/10\/cropped-logo-tab-1.png","width":250,"height":137,"caption":"Meloh | Tienda online de arena para gatos y accesorios para mascotas"},"image":{"@id":"https:\/\/meloh.com.co\/#\/schema\/logo\/image\/"},"sameAs":["https:\/\/www.facebook.com\/profile.php?id=61565172460702","https:\/\/www.instagram.com\/meloh.shop\/"]}]}},"_links":{"self":[{"href":"https:\/\/meloh.com.co\/index.php\/wp-json\/wp\/v2\/pages\/1717","targetHints":{"allow":["GET"]}}],"collection":[{"href":"https:\/\/meloh.com.co\/index.php\/wp-json\/wp\/v2\/pages"}],"about":[{"href":"https:\/\/meloh.com.co\/index.php\/wp-json\/wp\/v2\/types\/page"}],"author":[{"embeddable":true,"href":"https:\/\/meloh.com.co\/index.php\/wp-json\/wp\/v2\/users\/1"}],"replies":[{"embeddable":true,"href":"https:\/\/meloh.com.co\/index.php\/wp-json\/wp\/v2\/comments?post=1717"}],"version-history":[{"count":1,"href":"https:\/\/meloh.com.co\/index.php\/wp-json\/wp\/v2\/pages\/1717\/revisions"}],"predecessor-version":[{"id":1718,"href":"https:\/\/meloh.com.co\/index.php\/wp-json\/wp\/v2\/pages\/1717\/revisions\/1718"}],"wp:attachment":[{"href":"https:\/\/meloh.com.co\/index.php\/wp-json\/wp\/v2\/media?parent=1717"}],"curies":[{"name":"wp","href":"https:\/\/api.w.org\/{rel}","templated":true}]}}