{"id":1706,"date":"2025-08-05T09:07:30","date_gmt":"2025-08-05T14:07:30","guid":{"rendered":"https:\/\/meloh.com.co\/?page_id=1706"},"modified":"2025-08-06T01:39:47","modified_gmt":"2025-08-06T06:39:47","slug":"terminos-y-condiciones","status":"publish","type":"page","link":"https:\/\/meloh.com.co\/index.php\/terminos-y-condiciones\/","title":{"rendered":"T\u00e9rminos y condiciones"},"content":{"rendered":"\n<p>Canariam SAS pondr\u00e1 a disposici\u00f3n de los clientes, los productos que pueden adquirirse. Estos se exhibir\u00e1n de la manera m\u00e1s real posible, sin embargo, hay que tener en cuenta que con cada equipo\/computador, el dise\u00f1o que se elija podr\u00e1 variar, por lo que la empresa no se hace responsable de este hecho si el cliente solicitara cambio por error en la selecci\u00f3n del dise\u00f1o.<\/p>\n\n\n\n<p><strong>CANARIAM SAS.<\/strong>, puede en cualquier momento revisar estos T\u00e9rminos de Uso aqu\u00ed contenidos, por medio del reajuste de este anuncio. Al usar el E COMMERCE, el usuario conviene en darse por obligado por cualquiera de tales revisiones, las cuales estar\u00e1n vigentes a partir del momento en que las mismas sean accesibles por los Usuarios, debiendo entonces visitar peri\u00f3dicamente esta p\u00e1gina para determinar los t\u00e9rminos vigentes en ese momento a los cuales el usuario estar\u00e1 obligado en el evento que decida utilizar este Sitio.<\/p>\n\n\n\n<p><strong>PROPIEDAD INDUSTRIAL<\/strong><br>Todas las marcas, ense\u00f1as, logos, nombres y cualesquiera otros signos distintivos, as\u00ed como los modelos de utilidad y\/o dise\u00f1os industriales y dem\u00e1s elementos de propiedad industrial o intelectual insertados, usados y\/o desplegados en este Sitio son Propiedad exclusiva de Canariam S.A.S., Cualquier uso no autorizado constituir\u00e1 una violaci\u00f3n a los presentes T\u00e9rminos y Condiciones y a las normas vigentes nacionales e internacionales sobre Propiedad Industrial.<\/p>\n\n\n\n<p><strong>DERECHOS DE AUTOR<\/strong><br>Todo el material inform\u00e1tico, gr\u00e1fico, publicitario, fotogr\u00e1fico, de multimedia, audiovisual y\/o de dise\u00f1o, as\u00ed como todos los contenidos, textos y bases de datos puestos a su disposici\u00f3n en este Sitio son de propiedad exclusiva de&nbsp;<strong>CANARIAM SAS.<\/strong>, Todos los Contenidos en p\u00e1gina web est\u00e1n protegidos por las normas sobre Derechos de Autor y por todas las normas nacionales e internacionales que le sean aplicables. Exceptuando lo expresamente estipulado en estos T\u00e9rminos y Condiciones, queda prohibido todo acto de copia, reproducci\u00f3n, modificaci\u00f3n, creaci\u00f3n de trabajos derivados, venta o distribuci\u00f3n, exhibici\u00f3n de los Contenidos, de ninguna manera o por ning\u00fan medio, incluyendo, m\u00e1s no limitado a, medios electr\u00f3nicos, mec\u00e1nicos, de fotocopiado, de grabaci\u00f3n o de cualquier otra \u00edndole, sin el permiso previo por escrito de Canariam S.A.S. En ning\u00fan caso estos T\u00e9rminos y Condiciones confieren derechos, licencias y\/o autorizaciones para realizar los actos anteriormente descritos. Cualquier uso no autorizado de los Contenidos constituir\u00e1 una violaci\u00f3n a los presentes T\u00e9rminos y Condiciones y a las normas vigentes sobre derechos de autor, \u00fanicamente se otorga al usuario una licencia y un derecho personal, intransferible y no exclusivo para desplegar el E COMMERCE en pantalla de un computador ordenador o dispositivo PDA bajo su control, y para copiar los Contenidos de propiedad de CANARIAM SAS \u00fanica y exclusivamente para uso personal no comercial, con la condici\u00f3n de que el usuario no modifique de ninguna forma los Contenidos y que conserve todas las leyendas de derechos de autor y de otro tipo de propiedad contenidas en los mismos. El&nbsp;usuario se obliga por los presentes T\u00e9rminos y Condiciones a no modificar el software del Sitio de ninguna manera.<\/p>\n\n\n\n<p><strong>PRECIO<\/strong><br>El valor total de la compra estar\u00e1 compuesto de los siguientes rubros a cargo del cliente: valor del producto, impuestos y gastos de transporte si fuese el caso.<\/p>\n\n\n\n<ul class=\"wp-block-list\">\n<li><strong>PAR\u00c1GRAFO PRIMERO:<\/strong>\u00a0<strong>CANARIAM SAS.<\/strong>, se compromete a revisar constantemente y a actualizar los precios que se mencionan en la p\u00e1gina web y a su vez, nuestro cliente y\/o usuario, debe estar atento en caso de presentarse alguna irregularidad en los mismos.<br><br><\/li>\n\n\n\n<li><strong>PAR\u00c1GRAFO SEGUNDO:<\/strong>\u00a0<strong>CANARIAM SAS.<\/strong>, informar\u00e1 o publicar\u00e1 la tarifa de transporte y env\u00edo que tendr\u00e1n los bienes los cuales se generar\u00e1n dependiendo de los costos, rubros y pol\u00edticas de la empresa transportadora, las cuales son independientes aut\u00f3nomas y ajenas a\u00a0<strong>CANARIAM SAS.<\/strong>, dentro del costo del flete se deber\u00e1 tener en cuenta el lugar del territorio colombiano al cual se deban enviar los productos adquiridos, el tama\u00f1o y el peso de estos.<\/li>\n<\/ul>\n","protected":false},"excerpt":{"rendered":"<p>Canariam SAS pondr\u00e1 a disposici\u00f3n de los clientes, los productos que pueden adquirirse. Estos se exhibir\u00e1n de la manera m\u00e1s real posible, sin embargo, hay que tener en cuenta que [&hellip;]<\/p>\n","protected":false},"author":1,"featured_media":0,"parent":0,"menu_order":0,"comment_status":"closed","ping_status":"closed","template":"","meta":{"footnotes":""},"class_list":["post-1706","page","type-page","status-publish","hentry"],"yoast_head":"<!-- This site is optimized with the Yoast SEO plugin v25.6 - https:\/\/yoast.com\/wordpress\/plugins\/seo\/ -->\n<title>T\u00e9rminos y condiciones - Meloh | Me lo llevo!<\/title>\n<meta name=\"robots\" content=\"index, follow, max-snippet:-1, max-image-preview:large, max-video-preview:-1\" \/>\n<link rel=\"canonical\" href=\"https:\/\/meloh.com.co\/index.php\/terminos-y-condiciones\/\" \/>\n<meta property=\"og:locale\" content=\"es_ES\" \/>\n<meta property=\"og:type\" content=\"article\" \/>\n<meta property=\"og:title\" content=\"T\u00e9rminos y condiciones - Meloh | Me lo llevo!\" \/>\n<meta property=\"og:description\" content=\"Canariam SAS pondr\u00e1 a disposici\u00f3n de los clientes, los productos que pueden adquirirse. Estos se exhibir\u00e1n de la manera m\u00e1s real posible, sin embargo, hay que tener en cuenta que [&hellip;]\" \/>\n<meta property=\"og:url\" content=\"https:\/\/meloh.com.co\/index.php\/terminos-y-condiciones\/\" \/>\n<meta property=\"og:site_name\" content=\"Meloh | Me lo llevo!\" \/>\n<meta property=\"article:publisher\" content=\"https:\/\/www.facebook.com\/profile.php?id=61565172460702\" \/>\n<meta property=\"article:modified_time\" content=\"2025-08-06T06:39:47+00:00\" \/>\n<meta name=\"twitter:card\" content=\"summary_large_image\" \/>\n<meta name=\"twitter:label1\" content=\"Tiempo de lectura\" \/>\n\t<meta name=\"twitter:data1\" content=\"3 minutos\" \/>\n<script type=\"application\/ld+json\" class=\"yoast-schema-graph\">{\"@context\":\"https:\/\/schema.org\",\"@graph\":[{\"@type\":\"WebPage\",\"@id\":\"https:\/\/meloh.com.co\/index.php\/terminos-y-condiciones\/\",\"url\":\"https:\/\/meloh.com.co\/index.php\/terminos-y-condiciones\/\",\"name\":\"T\u00e9rminos y condiciones - Meloh | Me lo llevo!\",\"isPartOf\":{\"@id\":\"https:\/\/meloh.com.co\/#website\"},\"datePublished\":\"2025-08-05T14:07:30+00:00\",\"dateModified\":\"2025-08-06T06:39:47+00:00\",\"breadcrumb\":{\"@id\":\"https:\/\/meloh.com.co\/index.php\/terminos-y-condiciones\/#breadcrumb\"},\"inLanguage\":\"es\",\"potentialAction\":[{\"@type\":\"ReadAction\",\"target\":[\"https:\/\/meloh.com.co\/index.php\/terminos-y-condiciones\/\"]}]},{\"@type\":\"BreadcrumbList\",\"@id\":\"https:\/\/meloh.com.co\/index.php\/terminos-y-condiciones\/#breadcrumb\",\"itemListElement\":[{\"@type\":\"ListItem\",\"position\":1,\"name\":\"Portada\",\"item\":\"https:\/\/meloh.com.co\/\"},{\"@type\":\"ListItem\",\"position\":2,\"name\":\"T\u00e9rminos y condiciones\"}]},{\"@type\":\"WebSite\",\"@id\":\"https:\/\/meloh.com.co\/#website\",\"url\":\"https:\/\/meloh.com.co\/\",\"name\":\"Meloh | Me lo llevo! | Tienda de accesorios para mascotas\",\"description\":\"Productos dise\u00f1ados para el bienestar, la diversi\u00f3n y el cuidado de tus mascotas.\",\"publisher\":{\"@id\":\"https:\/\/meloh.com.co\/#organization\"},\"potentialAction\":[{\"@type\":\"SearchAction\",\"target\":{\"@type\":\"EntryPoint\",\"urlTemplate\":\"https:\/\/meloh.com.co\/?s={search_term_string}\"},\"query-input\":{\"@type\":\"PropertyValueSpecification\",\"valueRequired\":true,\"valueName\":\"search_term_string\"}}],\"inLanguage\":\"es\"},{\"@type\":\"Organization\",\"@id\":\"https:\/\/meloh.com.co\/#organization\",\"name\":\"Meloh | Tienda online de arena para gatos y accesorios para mascotas\",\"url\":\"https:\/\/meloh.com.co\/\",\"logo\":{\"@type\":\"ImageObject\",\"inLanguage\":\"es\",\"@id\":\"https:\/\/meloh.com.co\/#\/schema\/logo\/image\/\",\"url\":\"https:\/\/meloh.com.co\/wp-content\/uploads\/2024\/10\/cropped-logo-tab-1.png\",\"contentUrl\":\"https:\/\/meloh.com.co\/wp-content\/uploads\/2024\/10\/cropped-logo-tab-1.png\",\"width\":250,\"height\":137,\"caption\":\"Meloh | Tienda online de arena para gatos y accesorios para mascotas\"},\"image\":{\"@id\":\"https:\/\/meloh.com.co\/#\/schema\/logo\/image\/\"},\"sameAs\":[\"https:\/\/www.facebook.com\/profile.php?id=61565172460702\",\"https:\/\/www.instagram.com\/meloh.shop\/\"]}]}<\/script>\n<!-- \/ Yoast SEO plugin. -->","yoast_head_json":{"title":"T\u00e9rminos y condiciones - Meloh | Me lo llevo!","robots":{"index":"index","follow":"follow","max-snippet":"max-snippet:-1","max-image-preview":"max-image-preview:large","max-video-preview":"max-video-preview:-1"},"canonical":"https:\/\/meloh.com.co\/index.php\/terminos-y-condiciones\/","og_locale":"es_ES","og_type":"article","og_title":"T\u00e9rminos y condiciones - Meloh | Me lo llevo!","og_description":"Canariam SAS pondr\u00e1 a disposici\u00f3n de los clientes, los productos que pueden adquirirse. Estos se exhibir\u00e1n de la manera m\u00e1s real posible, sin embargo, hay que tener en cuenta que [&hellip;]","og_url":"https:\/\/meloh.com.co\/index.php\/terminos-y-condiciones\/","og_site_name":"Meloh | Me lo llevo!","article_publisher":"https:\/\/www.facebook.com\/profile.php?id=61565172460702","article_modified_time":"2025-08-06T06:39:47+00:00","twitter_card":"summary_large_image","twitter_misc":{"Tiempo de lectura":"3 minutos"},"schema":{"@context":"https:\/\/schema.org","@graph":[{"@type":"WebPage","@id":"https:\/\/meloh.com.co\/index.php\/terminos-y-condiciones\/","url":"https:\/\/meloh.com.co\/index.php\/terminos-y-condiciones\/","name":"T\u00e9rminos y condiciones - Meloh | Me lo llevo!","isPartOf":{"@id":"https:\/\/meloh.com.co\/#website"},"datePublished":"2025-08-05T14:07:30+00:00","dateModified":"2025-08-06T06:39:47+00:00","breadcrumb":{"@id":"https:\/\/meloh.com.co\/index.php\/terminos-y-condiciones\/#breadcrumb"},"inLanguage":"es","potentialAction":[{"@type":"ReadAction","target":["https:\/\/meloh.com.co\/index.php\/terminos-y-condiciones\/"]}]},{"@type":"BreadcrumbList","@id":"https:\/\/meloh.com.co\/index.php\/terminos-y-condiciones\/#breadcrumb","itemListElement":[{"@type":"ListItem","position":1,"name":"Portada","item":"https:\/\/meloh.com.co\/"},{"@type":"ListItem","position":2,"name":"T\u00e9rminos y condiciones"}]},{"@type":"WebSite","@id":"https:\/\/meloh.com.co\/#website","url":"https:\/\/meloh.com.co\/","name":"Meloh | Me lo llevo! | Tienda de accesorios para mascotas","description":"Productos dise\u00f1ados para el bienestar, la diversi\u00f3n y el cuidado de tus mascotas.","publisher":{"@id":"https:\/\/meloh.com.co\/#organization"},"potentialAction":[{"@type":"SearchAction","target":{"@type":"EntryPoint","urlTemplate":"https:\/\/meloh.com.co\/?s={search_term_string}"},"query-input":{"@type":"PropertyValueSpecification","valueRequired":true,"valueName":"search_term_string"}}],"inLanguage":"es"},{"@type":"Organization","@id":"https:\/\/meloh.com.co\/#organization","name":"Meloh | Tienda online de arena para gatos y accesorios para mascotas","url":"https:\/\/meloh.com.co\/","logo":{"@type":"ImageObject","inLanguage":"es","@id":"https:\/\/meloh.com.co\/#\/schema\/logo\/image\/","url":"https:\/\/meloh.com.co\/wp-content\/uploads\/2024\/10\/cropped-logo-tab-1.png","contentUrl":"https:\/\/meloh.com.co\/wp-content\/uploads\/2024\/10\/cropped-logo-tab-1.png","width":250,"height":137,"caption":"Meloh | Tienda online de arena para gatos y accesorios para mascotas"},"image":{"@id":"https:\/\/meloh.com.co\/#\/schema\/logo\/image\/"},"sameAs":["https:\/\/www.facebook.com\/profile.php?id=61565172460702","https:\/\/www.instagram.com\/meloh.shop\/"]}]}},"_links":{"self":[{"href":"https:\/\/meloh.com.co\/index.php\/wp-json\/wp\/v2\/pages\/1706","targetHints":{"allow":["GET"]}}],"collection":[{"href":"https:\/\/meloh.com.co\/index.php\/wp-json\/wp\/v2\/pages"}],"about":[{"href":"https:\/\/meloh.com.co\/index.php\/wp-json\/wp\/v2\/types\/page"}],"author":[{"embeddable":true,"href":"https:\/\/meloh.com.co\/index.php\/wp-json\/wp\/v2\/users\/1"}],"replies":[{"embeddable":true,"href":"https:\/\/meloh.com.co\/index.php\/wp-json\/wp\/v2\/comments?post=1706"}],"version-history":[{"count":2,"href":"https:\/\/meloh.com.co\/index.php\/wp-json\/wp\/v2\/pages\/1706\/revisions"}],"predecessor-version":[{"id":1726,"href":"https:\/\/meloh.com.co\/index.php\/wp-json\/wp\/v2\/pages\/1706\/revisions\/1726"}],"wp:attachment":[{"href":"https:\/\/meloh.com.co\/index.php\/wp-json\/wp\/v2\/media?parent=1706"}],"curies":[{"name":"wp","href":"https:\/\/api.w.org\/{rel}","templated":true}]}}